{"id":182,"date":"2025-08-12T16:18:13","date_gmt":"2025-08-12T16:18:13","guid":{"rendered":"https:\/\/darkturquoise-stingray-872639.hostingersite.com\/?page_id=182"},"modified":"2025-08-18T18:49:40","modified_gmt":"2025-08-18T18:49:40","slug":"182-2","status":"publish","type":"page","link":"https:\/\/olladasdebarbeitos.es\/en\/182-2\/","title":{"rendered":"FAQ"},"content":{"rendered":"<p>[et_pb_section fb_built=\u00bb1&#8243; admin_label=\u00bbHeader\u00bb _builder_version=\u00bb4.27.4&#8243; use_background_color_gradient=\u00bbon\u00bb background_color_gradient_type=\u00bbcircular\u00bb background_color_gradient_direction_radial=\u00bbtop left\u00bb background_color_gradient_stops=\u00bbrgba(255,255,255,0.89) 30%|rgba(255,255,255,0) 80%\u00bb background_color_gradient_overlays_image=\u00bbon\u00bb background_color_gradient_start=\u00bbrgba(255,255,255,0.89)\u00bb background_color_gradient_start_position=\u00bb30%\u00bb background_color_gradient_end=\u00bbrgba(255,255,255,0)\u00bb background_color_gradient_end_position=\u00bb80%\u00bb background_image=\u00bbhttps:\/\/olladasdebarbeitos.es\/wp-content\/uploads\/2025\/08\/exterior-scaled.png\u00bb custom_margin=\u00bb|||\u00bb custom_padding=\u00bb8vw||8vw||true\u00bb global_colors_info=\u00bb{}\u00bb theme_builder_area=\u00bbpost_content\u00bb][et_pb_row _builder_version=\u00bb4.16&#8243; global_colors_info=\u00bb{}\u00bb theme_builder_area=\u00bbpost_content\u00bb][et_pb_column type=\u00bb4_4&#8243; _builder_version=\u00bb4.16&#8243; custom_padding=\u00bb|||\u00bb global_colors_info=\u00bb{}\u00bb custom_padding__hover=\u00bb|||\u00bb theme_builder_area=\u00bbpost_content\u00bb][et_pb_text _builder_version=\u00bb4.16&#8243; text_font=\u00bb||||||||\u00bb header_font=\u00bbRaleway|700|||||||\u00bb header_font_size=\u00bb80px\u00bb header_line_height=\u00bb1.2em\u00bb header_5_font=\u00bbRaleway|700||on|||||\u00bb header_5_text_color=\u00bb#000000&#8243; header_5_font_size=\u00bb20px\u00bb header_5_letter_spacing=\u00bb0.5em\u00bb header_5_line_height=\u00bb1.8em\u00bb animation_style=\u00bbzoom\u00bb animation_intensity_zoom=\u00bb5%\u00bb header_font_size_tablet=\u00bb48px\u00bb header_font_size_phone=\u00bb32px\u00bb header_font_size_last_edited=\u00bbon|phone\u00bb header_5_font_size_tablet=\u00bb14px\u00bb header_5_font_size_phone=\u00bb12px\u00bb header_5_font_size_last_edited=\u00bbon|desktop\u00bb global_colors_info=\u00bb{}\u00bb theme_builder_area=\u00bbpost_content\u00bb]<\/p>\n<h5>OLLADAS DE BARBEITOS<\/h5>\n<h1>Questions\u00a0\u00a0<\/h1>\n<p>[\/et_pb_text][\/et_pb_column][\/et_pb_row][\/et_pb_section][et_pb_section fb_built=\u00bb1&#8243; admin_label=\u00bbHeader\u00bb _builder_version=\u00bb4.25.1&#8243; _module_preset=\u00bbdefault\u00bb background_color=\u00bbgcid-8544a4e2-27b8-420a-83de-1cee04f2fb29&#8243; locked=\u00bboff\u00bb collapsed=\u00bbon\u00bb global_colors_info=\u00bb{%22gcid-8544a4e2-27b8-420a-83de-1cee04f2fb29%22:%91%22background_color%22%93}\u00bb theme_builder_area=\u00bbpost_content\u00bb][et_pb_row column_structure=\u00bb1_3,2_3&#8243; _builder_version=\u00bb4.25.1&#8243; _module_preset=\u00bbdefault\u00bb global_colors_info=\u00bb{}\u00bb theme_builder_area=\u00bbpost_content\u00bb][et_pb_column type=\u00bb1_3&#8243; _builder_version=\u00bb4.25.1&#8243; _module_preset=\u00bbdefault\u00bb global_colors_info=\u00bb{}\u00bb theme_builder_area=\u00bbpost_content\u00bb][et_pb_heading title=\u00bbFAQ\u00bb _builder_version=\u00bb4.25.1&#8243; _module_preset=\u00bb5301780c-2082-42f7-b917-27902105edc7&#8243; locked=\u00bboff\u00bb global_colors_info=\u00bb{}\u00bb theme_builder_area=\u00bbpost_content\u00bb][\/et_pb_heading][et_pb_image src=\u00bbhttps:\/\/olladasdebarbeitos.es\/wp-content\/uploads\/2025\/08\/Exteriores-1.jpg\u00bb title_text=\u00bbExteriores\u00bb _builder_version=\u00bb4.27.4&#8243; _module_preset=\u00bbdefault\u00bb border_radii=\u00bbon|20px|20px|20px|20px\u00bb global_colors_info=\u00bb{}\u00bb theme_builder_area=\u00bbpost_content\u00bb][\/et_pb_image][\/et_pb_column][et_pb_column type=\u00bb2_3&#8243; _builder_version=\u00bb4.25.1&#8243; _module_preset=\u00bbdefault\u00bb global_colors_info=\u00bb{}\u00bb theme_builder_area=\u00bbpost_content\u00bb][et_pb_accordion toggle_icon=\u00bb&#xf067;||fa||900&#8243; icon_color=\u00bb#DFB758&#8243; _builder_version=\u00bb4.27.4&#8243; _module_preset=\u00bb19a6438f-6c9a-4644-9dcc-dd98b434ee33&#8243; locked=\u00bboff\u00bb global_colors_info=\u00bb{%22gcid-bcc99e3b-722a-4dba-85e5-49c6d1592562%22:%91%22link_text_color%22,%22quote_border_color%22,%22icon_color%22,%22link_text_color%22,%22quote_border_color%22,%22icon_color%22,%22link_text_color%22,%22quote_border_color%22,%22icon_color%22,%22link_text_color%22,%22quote_border_color%22,%22link_text_color%22,%22quote_border_color%22,%22link_text_color%22,%22quote_border_color%22,%22link_text_color%22,%22quote_border_color%22,%22link_text_color%22,%22quote_border_color%22,%22link_text_color%22,%22quote_border_color%22%93,%22gcid-fa3e187d-20a7-4c5a-962d-49a38117a4cc%22:%91%22quote_text_color%22,%22quote_text_color%22,%22quote_text_color%22,%22quote_text_color%22,%22quote_text_color%22,%22quote_text_color%22,%22quote_text_color%22,%22quote_text_color%22,%22quote_text_color%22,%22quote_text_color%22%93}\u00bb quote_font_size_tablet=\u00bb18px\u00bb quote_font_size_phone=\u00bb16px\u00bb quote_font_size_last_edited=\u00bbon|phone\u00bb theme_builder_area=\u00bbpost_content\u00bb border_color_all=\u00bb#000000&#8243; border_width_all=\u00bb0px\u00bb border_width_bottom=\u00bb2px\u00bb link_text_color=\u00bb#f2a094&#8243; quote_border_color=\u00bb#f2a094&#8243; quote_text_color=\u00bb#164e4e\u00bb][et_pb_accordion_item title=\u00bb\u00bfTodos los apartamentos tienen jacuzzi? \u00bb open=\u00bboff\u00bb _builder_version=\u00bb4.25.1&#8243; _module_preset=\u00bb20ab655e-fb54-42c5-85ba-d904085c0172&#8243; global_colors_info=\u00bb{}\u00bb theme_builder_area=\u00bbpost_content\u00bb]<\/p>\n<p class=\"translation-block\">Yes, all our apartments feature a <strong>private jacuzzi on the terrace<\/strong> so you can enjoy a moment of relaxation whenever you want.<\/p>\n<p>[\/et_pb_accordion_item][et_pb_accordion_item title=\u00bb\u00bfDispon\u00e9is de bonos regalo?\u00bb _builder_version=\u00bb4.27.4&#8243; _module_preset=\u00bb20ab655e-fb54-42c5-85ba-d904085c0172&#8243; global_colors_info=\u00bb{}\u00bb theme_builder_area=\u00bbpost_content\u00bb open=\u00bboff\u00bb]<\/p>\n<p>Yes, we offer open-dated gift vouchers so you can give them to your loved ones. Contact us for more information.\u00a0<\/p>\n<p>[\/et_pb_accordion_item][et_pb_accordion_item title=\u00bb\u00bfPuedo cancelar o cambiar de fechas?\u00bb _builder_version=\u00bb4.27.4&#8243; _module_preset=\u00bb20ab655e-fb54-42c5-85ba-d904085c0172&#8243; global_colors_info=\u00bb{}\u00bb theme_builder_area=\u00bbpost_content\u00bb open=\u00bboff\u00bb]<\/p>\n<p class=\"translation-block\"><b>Cancellation Policy<br><\/b>1- The guest can cancel for free up to 14 days before the arrival date.<br>2- If the guest does not show up, they must pay the full reservation amount.<br>3- If the guest cancels within 14 days prior to arrival, they must pay the full reservation amount.<\/p>\n<p class=\"translation-block\"><b>Change of Dates Policy<\/b><br>4- The guest may request a change of dates for their reservation, subject to apartment availability (availability can be checked on our website).<br>5- A date change can be made for free if requested at least one week before arrival.<br>6- If the guest requests a date change within 7 days of arrival, a fee of 50 euros will apply per change.<br>7- In cases of force majeure for cancellation, please contact the Olladas de Barbeitos administration and we will review the case.<\/p>\n<p>[\/et_pb_accordion_item][et_pb_accordion_item title=\u00bb\u00bfCobramos por el pack de le\u00f1a de la chimenea?\u00bb _builder_version=\u00bb4.27.4&#8243; _module_preset=\u00bb20ab655e-fb54-42c5-85ba-d904085c0172&#8243; global_colors_info=\u00bb{}\u00bb theme_builder_area=\u00bbpost_content\u00bb open=\u00bboff\u00bb]<\/p>\n<p>No. The firewood pack is included in your stay so you can light the fireplace at no extra cost and fully enjoy your stay.<\/p>\n<p>[\/et_pb_accordion_item][et_pb_accordion_item title=\u00bb\u00bfSois petfriendly? \u00bfHay suplemento por traer mascotas?\u00bb _builder_version=\u00bb4.27.4&#8243; _module_preset=\u00bb20ab655e-fb54-42c5-85ba-d904085c0172&#8243; global_colors_info=\u00bb{}\u00bb theme_builder_area=\u00bbpost_content\u00bb open=\u00bbon\u00bb]<\/p>\n<p data-start=\"456\" data-end=\"589\">We are a pet-friendly accommodation. We want you to enjoy the experience with your pet, at no extra cost. Our pet-friendly apartments are: Picois, Cazurro and Pened\u00f3n.<\/p>\n<p data-start=\"591\" data-end=\"798\">\n<p>[\/et_pb_accordion_item][et_pb_accordion_item title=\u00bb\u00bfDispon\u00e9is de desayuno? \u00bfQu\u00e9 incluye?\u00bb _builder_version=\u00bb4.27.4&#8243; _module_preset=\u00bb20ab655e-fb54-42c5-85ba-d904085c0172&#8243; global_colors_info=\u00bb{}\u00bb theme_builder_area=\u00bbpost_content\u00bb open=\u00bboff\u00bb]<\/p>\n<p>Yes. We offer a breakfast service that you can add during the booking process. It is served freshly prepared at the door of your apartment first thing in the morning.<\/p>\n<p data-start=\"82\" data-end=\"168\">Our breakfast includes:<\/p>\n<ul data-start=\"169\" data-end=\"515\">\n<li data-start=\"169\" data-end=\"189\">\n<p data-start=\"171\" data-end=\"189\">A coffee thermos<\/p>\n<\/li>\n<li data-start=\"190\" data-end=\"262\">\n<p data-start=\"192\" data-end=\"262\">Whole milk thermos (lactose-free or plant-based milk available upon request)<\/p>\n<\/li>\n<li data-start=\"263\" data-end=\"300\">\n<p data-start=\"265\" data-end=\"300\">Fresh apple or orange juice<\/p>\n<\/li>\n<li data-start=\"301\" data-end=\"316\">\n<p data-start=\"303\" data-end=\"316\">Toasted bread<\/p>\n<\/li>\n<li data-start=\"317\" data-end=\"330\">\n<p data-start=\"319\" data-end=\"330\">Jam<\/p>\n<\/li>\n<li data-start=\"331\" data-end=\"339\">\n<p data-start=\"333\" data-end=\"339\">Honey<\/p>\n<\/li>\n<li data-start=\"340\" data-end=\"355\">\n<p data-start=\"342\" data-end=\"355\">Butter<\/p>\n<\/li>\n<li data-start=\"356\" data-end=\"374\">\n<p data-start=\"358\" data-end=\"374\">Fresh tomato<\/p>\n<\/li>\n<li data-start=\"375\" data-end=\"385\">\n<p data-start=\"377\" data-end=\"385\">Olive oil<\/p>\n<\/li>\n<li data-start=\"386\" data-end=\"393\">\n<p data-start=\"388\" data-end=\"393\">Salt<\/p>\n<\/li>\n<li data-start=\"394\" data-end=\"414\">\n<p data-start=\"396\" data-end=\"414\">Bizcocho o dulce<\/p>\n<\/li>\n<li data-start=\"415\" data-end=\"425\">\n<p data-start=\"417\" data-end=\"425\">Yogurt<\/p>\n<\/li>\n<li data-start=\"426\" data-end=\"448\">\n<p data-start=\"428\" data-end=\"448\">Seasonal fruit<\/p>\n<\/li>\n<li data-start=\"449\" data-end=\"459\">\n<p data-start=\"451\" data-end=\"459\">Sugar<\/p>\n<\/li>\n<li data-start=\"460\" data-end=\"515\">\n<p data-start=\"462\" data-end=\"515\">Colacao, herbal tea\/tea, or decaf (upon request)<\/p>\n<\/li>\n<\/ul>\n<p>[\/et_pb_accordion_item][et_pb_accordion_item title=\u00bb\u00bfC\u00f3mo funciona el check-in?\u00bb _builder_version=\u00bb4.27.4&#8243; _module_preset=\u00bb20ab655e-fb54-42c5-85ba-d904085c0172&#8243; global_colors_info=\u00bb{}\u00bb theme_builder_area=\u00bbpost_content\u00bb open=\u00bboff\u00bb]<\/p>\n<p>It is completely self-service. You will receive the keys to enter your apartment and access it without waiting. Check-in is from 16:00 and check-out is until 12:00.<\/p>\n<p>[\/et_pb_accordion_item][\/et_pb_accordion][\/et_pb_column][\/et_pb_row][\/et_pb_section]<\/p>","protected":false},"excerpt":{"rendered":"<p>OLLADAS DE BARBEITOS Preguntas\u00a0\u00a0S\u00ed, todos nuestros apartamentos cuentan con jacuzzi privado en la terraza\u00a0para que disfrutes de un momento de relax cuando quieras.S\u00ed, disponemos de bonos sin fecha para que puedas regalar a tus seres queridos. Contacta con nosotros para m\u00e1s informaci\u00f3n.\u00a0Pol\u00edtica de Cancelaci\u00f3n1- El cliente puede cancelar de forma gratuita hasta 14 d\u00edas antes [&hellip;]<\/p>","protected":false},"author":1,"featured_media":0,"parent":0,"menu_order":0,"comment_status":"closed","ping_status":"closed","template":"","meta":{"_et_pb_use_builder":"on","_et_pb_old_content":"","_et_gb_content_width":"","footnotes":""},"class_list":["post-182","page","type-page","status-publish","hentry"],"aioseo_notices":[],"_hostinger_reach_plugin_has_subscription_block":false,"_hostinger_reach_plugin_is_elementor":false,"_links":{"self":[{"href":"https:\/\/olladasdebarbeitos.es\/en\/wp-json\/wp\/v2\/pages\/182","targetHints":{"allow":["GET"]}}],"collection":[{"href":"https:\/\/olladasdebarbeitos.es\/en\/wp-json\/wp\/v2\/pages"}],"about":[{"href":"https:\/\/olladasdebarbeitos.es\/en\/wp-json\/wp\/v2\/types\/page"}],"author":[{"embeddable":true,"href":"https:\/\/olladasdebarbeitos.es\/en\/wp-json\/wp\/v2\/users\/1"}],"replies":[{"embeddable":true,"href":"https:\/\/olladasdebarbeitos.es\/en\/wp-json\/wp\/v2\/comments?post=182"}],"version-history":[{"count":8,"href":"https:\/\/olladasdebarbeitos.es\/en\/wp-json\/wp\/v2\/pages\/182\/revisions"}],"predecessor-version":[{"id":526,"href":"https:\/\/olladasdebarbeitos.es\/en\/wp-json\/wp\/v2\/pages\/182\/revisions\/526"}],"wp:attachment":[{"href":"https:\/\/olladasdebarbeitos.es\/en\/wp-json\/wp\/v2\/media?parent=182"}],"curies":[{"name":"wp","href":"https:\/\/api.w.org\/{rel}","templated":true}]}}