{"id":413,"date":"2025-08-14T08:55:01","date_gmt":"2025-08-14T08:55:01","guid":{"rendered":"https:\/\/olladasdebarbeitos.es\/?page_id=413"},"modified":"2025-08-14T08:55:01","modified_gmt":"2025-08-14T08:55:01","slug":"naturaleza","status":"publish","type":"page","link":"https:\/\/olladasdebarbeitos.es\/en\/naturaleza\/","title":{"rendered":"Nature"},"content":{"rendered":"<p>[et_pb_section fb_built=\u00bb1&#8243; admin_label=\u00bbHeader\u00bb _builder_version=\u00bb4.27.4&#8243; use_background_color_gradient=\u00bbon\u00bb background_color_gradient_type=\u00bbcircular\u00bb background_color_gradient_direction_radial=\u00bbtop left\u00bb background_color_gradient_stops=\u00bbrgba(255,255,255,0.89) 30%|rgba(255,255,255,0) 80%\u00bb background_color_gradient_overlays_image=\u00bbon\u00bb background_color_gradient_start=\u00bbrgba(255,255,255,0.89)\u00bb background_color_gradient_start_position=\u00bb30%\u00bb background_color_gradient_end=\u00bbrgba(255,255,255,0)\u00bb background_color_gradient_end_position=\u00bb80%\u00bb background_enable_image=\u00bboff\u00bb background_video_mp4=\u00bbhttps:\/\/olladasdebarbeitos.es\/wp-content\/uploads\/2025\/08\/olladas-naturaleza.mp4&#8243; custom_margin=\u00bb|||\u00bb custom_padding=\u00bb8vw||8vw||true\u00bb hover_enabled=\u00bb0&#8243; global_colors_info=\u00bb{}\u00bb theme_builder_area=\u00bbpost_content\u00bb title_text=\u00bbolladas naturaleza\u00bb sticky_enabled=\u00bb0&#8243;][et_pb_row _builder_version=\u00bb4.16&#8243; global_colors_info=\u00bb{}\u00bb theme_builder_area=\u00bbpost_content\u00bb][et_pb_column type=\u00bb4_4&#8243; _builder_version=\u00bb4.16&#8243; custom_padding=\u00bb|||\u00bb global_colors_info=\u00bb{}\u00bb custom_padding__hover=\u00bb|||\u00bb theme_builder_area=\u00bbpost_content\u00bb][et_pb_text _builder_version=\u00bb4.27.4&#8243; text_font=\u00bb||||||||\u00bb header_font=\u00bbRaleway|700|||||||\u00bb header_font_size=\u00bb80px\u00bb header_line_height=\u00bb1.2em\u00bb header_5_font=\u00bbRaleway|700||on|||||\u00bb header_5_text_color=\u00bb#000000&#8243; header_5_font_size=\u00bb20px\u00bb header_5_letter_spacing=\u00bb0.5em\u00bb header_5_line_height=\u00bb1.8em\u00bb animation_style=\u00bbzoom\u00bb animation_intensity_zoom=\u00bb5%\u00bb header_font_size_tablet=\u00bb48px\u00bb header_font_size_phone=\u00bb32px\u00bb header_font_size_last_edited=\u00bbon|phone\u00bb header_5_font_size_tablet=\u00bb14px\u00bb header_5_font_size_phone=\u00bb12px\u00bb header_5_font_size_last_edited=\u00bbon|desktop\u00bb global_colors_info=\u00bb{}\u00bb theme_builder_area=\u00bbpost_content\u00bb]<\/p>\n<h5><span style=\"color: #ffffff;\">Experiences<\/span><\/h5>\n<h1><span style=\"color: #ffffff;\">Nature<\/span><\/h1>\n<p><span style=\"color: #ffffff;\"><\/span><\/p>\n<p><span style=\"color: #ffffff;\"><\/span><\/p>\n<p><span style=\"color: #ffffff;\"><\/span><\/p>\n<p><span style=\"color: #ffffff;\"><\/span><\/p>\n<p><span style=\"color: #ffffff;\"><\/span><\/p>\n<p>[\/et_pb_text][\/et_pb_column][\/et_pb_row][\/et_pb_section][et_pb_section fb_built=\u00bb1&#8243; admin_label=\u00bbAbout\u00bb _builder_version=\u00bb4.16&#8243; custom_padding=\u00bb||10px|||\u00bb global_colors_info=\u00bb{}\u00bb theme_builder_area=\u00bbpost_content\u00bb][et_pb_row column_structure=\u00bb1_2,1_2&#8243; custom_padding_last_edited=\u00bbon|desktop\u00bb _builder_version=\u00bb4.16&#8243; custom_padding=\u00bb27px|100px|27px|100px|false|false\u00bb custom_padding_tablet=\u00bb|0px||0px||true\u00bb custom_padding_phone=\u00bb\u00bb global_colors_info=\u00bb{}\u00bb theme_builder_area=\u00bbpost_content\u00bb][et_pb_column type=\u00bb1_2&#8243; _builder_version=\u00bb4.16&#8243; custom_padding=\u00bb|||\u00bb global_colors_info=\u00bb{}\u00bb custom_padding__hover=\u00bb|||\u00bb theme_builder_area=\u00bbpost_content\u00bb][et_pb_text _builder_version=\u00bb4.16&#8243; text_font=\u00bb||||||||\u00bb text_font_size=\u00bb16px\u00bb text_line_height=\u00bb2em\u00bb header_font=\u00bb||||||||\u00bb header_2_font=\u00bbRaleway|700|||||||\u00bb header_2_font_size=\u00bb50px\u00bb header_2_line_height=\u00bb1.2em\u00bb header_6_font=\u00bbRaleway|700||on|||||\u00bb header_6_font_size=\u00bb16px\u00bb header_6_letter_spacing=\u00bb5px\u00bb header_6_line_height=\u00bb1.8em\u00bb text_orientation=\u00bbcenter\u00bb max_width=\u00bb700px\u00bb max_width_last_edited=\u00bboff|desktop\u00bb module_alignment=\u00bbcenter\u00bb header_2_font_size_tablet=\u00bb35px\u00bb header_2_font_size_phone=\u00bb25px\u00bb header_2_font_size_last_edited=\u00bbon|phone\u00bb global_colors_info=\u00bb{}\u00bb theme_builder_area=\u00bbpost_content\u00bb]<\/p>\n<h2>Vilagocende Waterfall<\/h2>\n<p data-start=\"194\" data-end=\"490\" class=\"translation-block\">With its <strong data-start=\"202\" data-end=\"230\">50-meter free fall<\/strong>, the Seimeira de Vilagocende holds the title of the tallest waterfall in Galicia and is undoubtedly one of the most impressive. Its power and beauty, especially during the rainy season, make it a must-visit destination for nature lovers.<\/p>\n<p data-start=\"492\" data-end=\"838\">Para llegar, toma la carretera <strong data-start=\"523\" data-end=\"533\">LU-721<\/strong> en direcci\u00f3n a Vilagocende. Pocos metros antes de la aldea, ver\u00e1s un cartel a la derecha que indica el inicio de la ruta y una zona de aparcamiento. Desde ah\u00ed, comienza un sendero corto y agradable, rodeado de robledales y pinos aut\u00f3ctonos, que poco a poco te adentra en un entorno cada vez m\u00e1s m\u00e1gico.<\/p>\n<p data-start=\"840\" data-end=\"1169\" class=\"translation-block\">The route, just <strong data-start=\"857\" data-end=\"874\">1.1 km<\/strong> long and with very little elevation change, is perfect for any fitness level. At the end, wooden walkways announce the arrival at the main attraction: the imposing curtain of water of the <strong data-start=\"1050\" data-end=\"1067\">Porteli\u00f1a River<\/strong>, which plunges with a roar and freshness, offering a unique spectacle for all the senses.<\/p>\n<p data-start=\"840\" data-end=\"1169\" class=\"translation-block\">If you want a different view, a viewpoint located above the waterfall will give you another perspective of this iconic place in <strong data-start=\"1297\" data-end=\"1313\">A Fonsagrada<\/strong>.<\/p>\n<p data-start=\"166\" data-end=\"398\"><strong><\/strong><\/p>\n<p data-start=\"166\" data-end=\"398\">\n<p>[\/et_pb_text][\/et_pb_column][et_pb_column type=\u00bb1_2&#8243; _builder_version=\u00bb4.16&#8243; custom_padding=\u00bb|||\u00bb global_colors_info=\u00bb{}\u00bb custom_padding__hover=\u00bb|||\u00bb theme_builder_area=\u00bbpost_content\u00bb][et_pb_image src=\u00bbhttps:\/\/olladasdebarbeitos.es\/wp-content\/uploads\/2025\/08\/Seimeira_de_Vilagocende_-_A_Fonsagrada.jpg\u00bb title_text=\u00bbSeimeira_de_Vilagocende_-_A_Fonsagrada\u00bb _builder_version=\u00bb4.27.4&#8243; _module_preset=\u00bbdefault\u00bb animation_style=\u00bbfade\u00bb custom_css_free_form=\u00bbdisplay: inline-block;||text-align: center;||content: %22Rita Mart\u00ednez Farrapeira, CC BY-SA 4.0, v\u00eda Wikimedia Commons%22;||display: block;||font-size: 12px;||color: #777;||margin-top: 4px;||\u00bb border_radii=\u00bbon|20px|20px|20px|20px\u00bb global_colors_info=\u00bb{}\u00bb theme_builder_area=\u00bbpost_content\u00bb][\/et_pb_image][et_pb_text _builder_version=\u00bb4.27.4&#8243; _module_preset=\u00bbdefault\u00bb global_colors_info=\u00bb{}\u00bb theme_builder_area=\u00bbpost_content\u00bb]<\/p>\n<h6 style=\"font-size: 11px; color: #999; font-weight: normal; margin-top: 5px;\">Rita Mart\u00ednez Farrapeira, <a href=\"https:\/\/creativecommons.org\/licenses\/by-sa\/4.0\" target=\"_blank\" style=\"color: #999; text-decoration: none;\" rel=\"noopener\">CC BY-SA 4.0 <\/a>, v\u00eda Wikimedia Commons<\/h6>\n<p>[\/et_pb_text][\/et_pb_column][\/et_pb_row][\/et_pb_section][et_pb_section fb_built=\u00bb1&#8243; specialty=\u00bbon\u00bb admin_label=\u00bbRoom\u00bb _builder_version=\u00bb4.16&#8243; custom_margin=\u00bb-11px|||||\u00bb global_colors_info=\u00bb{}\u00bb theme_builder_area=\u00bbpost_content\u00bb][et_pb_column type=\u00bb1_2&#8243; specialty_columns=\u00bb2&#8243; _builder_version=\u00bb4.16&#8243; custom_padding=\u00bb|||\u00bb global_colors_info=\u00bb{}\u00bb custom_padding__hover=\u00bb|||\u00bb theme_builder_area=\u00bbpost_content\u00bb][et_pb_row_inner _builder_version=\u00bb4.16&#8243; global_colors_info=\u00bb{}\u00bb theme_builder_area=\u00bbpost_content\u00bb][et_pb_column_inner saved_specialty_column_type=\u00bb1_2&#8243; _builder_version=\u00bb4.16&#8243; custom_padding=\u00bb|||\u00bb global_colors_info=\u00bb{}\u00bb custom_padding__hover=\u00bb|||\u00bb theme_builder_area=\u00bbpost_content\u00bb][et_pb_image src=\u00bbhttps:\/\/olladasdebarbeitos.es\/wp-content\/uploads\/2025\/08\/Mirador-arexo.png\u00bb title_text=\u00bbMirador arexo\u00bb align_tablet=\u00bbcenter\u00bb align_phone=\u00bbcenter\u00bb align_last_edited=\u00bbon|desktop\u00bb _builder_version=\u00bb4.27.4&#8243; border_radii=\u00bbon|20px|20px|20px|20px\u00bb locked=\u00bboff\u00bb global_colors_info=\u00bb{}\u00bb theme_builder_area=\u00bbpost_content\u00bb][\/et_pb_image][et_pb_text _builder_version=\u00bb4.27.4&#8243; _module_preset=\u00bbdefault\u00bb global_colors_info=\u00bb{}\u00bb theme_builder_area=\u00bbpost_content\u00bb]<\/p>\n<h6 style=\"font-size: 11px; color: #999; font-weight: normal; margin-top: 5px;\">\n  Imagen: Rio de Porcos, v\u00eda <a href=\"https:\/\/bikerfriendly.es\/negocio\/riodeporcos\/\" target=\"_blank\" style=\"color: #999; text-decoration: none;\">BikerFriendly<\/a><br \/>\n<\/h6>\n<p>[\/et_pb_text][\/et_pb_column_inner][\/et_pb_row_inner][\/et_pb_column][et_pb_column type=\u00bb1_2&#8243; _builder_version=\u00bb4.16&#8243; custom_padding=\u00bb|||\u00bb global_colors_info=\u00bb{}\u00bb custom_padding__hover=\u00bb|||\u00bb theme_builder_area=\u00bbpost_content\u00bb][et_pb_text _builder_version=\u00bb4.16&#8243; text_font=\u00bb||||||||\u00bb text_font_size=\u00bb16px\u00bb text_line_height=\u00bb2em\u00bb ul_font=\u00bb||||||||\u00bb ul_line_height=\u00bb2em\u00bb header_font=\u00bb||||||||\u00bb header_3_font=\u00bbRaleway|700|||||||\u00bb header_3_font_size=\u00bb40px\u00bb header_3_line_height=\u00bb1.4em\u00bb header_6_line_height=\u00bb1.8em\u00bb header_3_font_size_tablet=\u00bb35px\u00bb header_3_font_size_phone=\u00bb25px\u00bb header_3_font_size_last_edited=\u00bbon|phone\u00bb locked=\u00bboff\u00bb global_colors_info=\u00bb{}\u00bb theme_builder_area=\u00bbpost_content\u00bb]<\/p>\n<h3>Viewpoints of Montouto and Arexo<\/h3>\n<p data-start=\"212\" data-end=\"588\" class=\"translation-block\">In a landscape as rich in nature as <strong data-start=\"254\" data-end=\"270\">A Fonsagrada<\/strong>, viewpoints that invite you to pause and admire the scenery cannot be missed. One of the most special is the <strong data-start=\"380\" data-end=\"403\">Montouto Viewpoint<\/strong>, which not only offers spectacular views of the Fonsagrada lands but is also surrounded by valuable historical heritage along the <strong data-start=\"550\" data-end=\"570\">Camino Primitivo<\/strong> to Santiago.<\/p>\n<p data-start=\"590\" data-end=\"987\" class=\"translation-block\">Here lie the ruins of the <strong data-start=\"624\" data-end=\"648\">Montouto Hospital<\/strong>, built in the 17th century and operational until the early 20th century, which provided shelter to pilgrims traveling this Jacobean route. Next to it, the <strong data-start=\"808\" data-end=\"830\">Montouto Hermitage<\/strong> keeps the tradition alive with local pilgrimages, and nearby stands a remnant of the ancient megalithic necropolis: the <strong data-start=\"948\" data-end=\"970\">Montouto Dolmen<\/strong>, the only one still standing.<\/p>\n<p data-start=\"1116\" data-end=\"1352\" class=\"translation-block\"><span style=\"font-size: 16px\">Another spot worth visiting is the <\/span><strong data-start=\"1029\" data-end=\"1049\" style=\"font-size: 16px\">Arexo Viewpoint<\/strong><span style=\"font-size: 16px\">, less known but equally impressive. From here, visitors can enjoy the panoramic view of the <\/span><strong data-start=\"1153\" data-end=\"1176\" style=\"font-size: 16px\">Navia River canyon<\/strong><span style=\"font-size: 16px\">, a natural border between Asturias and Galicia, a spectacle that combines the power of the terrain with the serenity of the landscape.<\/span><span style=\"font-size: 16px\">.<\/span><\/p>\n<p>[\/et_pb_text][\/et_pb_column][\/et_pb_section][et_pb_section fb_built=\u00bb1&#8243; _builder_version=\u00bb4.27.4&#8243; _module_preset=\u00bbdefault\u00bb global_colors_info=\u00bb{}\u00bb theme_builder_area=\u00bbpost_content\u00bb][et_pb_row column_structure=\u00bb1_2,1_2&#8243; custom_padding_last_edited=\u00bbon|desktop\u00bb _builder_version=\u00bb4.16&#8243; custom_padding=\u00bb27px|100px|27px|100px|false|false\u00bb custom_padding_tablet=\u00bb|0px||0px||true\u00bb custom_padding_phone=\u00bb\u00bb global_colors_info=\u00bb{}\u00bb theme_builder_area=\u00bbpost_content\u00bb][et_pb_column type=\u00bb1_2&#8243; _builder_version=\u00bb4.16&#8243; custom_padding=\u00bb|||\u00bb global_colors_info=\u00bb{}\u00bb custom_padding__hover=\u00bb|||\u00bb theme_builder_area=\u00bbpost_content\u00bb][et_pb_text _builder_version=\u00bb4.16&#8243; text_font=\u00bb||||||||\u00bb text_font_size=\u00bb16px\u00bb text_line_height=\u00bb2em\u00bb header_font=\u00bb||||||||\u00bb header_2_font=\u00bbRaleway|700|||||||\u00bb header_2_font_size=\u00bb50px\u00bb header_2_line_height=\u00bb1.2em\u00bb header_6_font=\u00bbRaleway|700||on|||||\u00bb header_6_font_size=\u00bb16px\u00bb header_6_letter_spacing=\u00bb5px\u00bb header_6_line_height=\u00bb1.8em\u00bb text_orientation=\u00bbcenter\u00bb max_width=\u00bb700px\u00bb max_width_last_edited=\u00bboff|desktop\u00bb module_alignment=\u00bbcenter\u00bb header_2_font_size_tablet=\u00bb35px\u00bb header_2_font_size_phone=\u00bb25px\u00bb header_2_font_size_last_edited=\u00bbon|phone\u00bb global_colors_info=\u00bb{}\u00bb theme_builder_area=\u00bbpost_content\u00bb]<\/p>\n<h2>Taramundi<\/h2>\n<p data-start=\"160\" data-end=\"523\" class=\"translation-block\">Less than an hour from A Fonsagrada is <strong data-start=\"209\" data-end=\"222\">Taramundi<\/strong>, a must-visit destination for those looking to combine <strong data-start=\"279\" data-end=\"301\">natural landscapes<\/strong> with <strong data-start=\"306\" data-end=\"329\">cultural heritage<\/strong>. This picturesque village, located in the Asturian region of <strong data-start=\"390\" data-end=\"403\">Los Oscos<\/strong>, is known for its rich artisanal tradition and for keeping alive centuries-old techniques of working with iron and wood.<\/p>\n<p data-start=\"194\" data-end=\"490\" class=\"translation-block\"><span style=\"font-size: 16px\">One of its main attractions is the <\/span><strong data-start=\"565\" data-end=\"600\" style=\"font-size: 16px\">Mazonovo Mill Complex<\/strong><span style=\"font-size: 16px\">, a set of restored water mills that are part of the famous <\/span><strong data-start=\"679\" data-end=\"696\" style=\"font-size: 16px\">Water Route<\/strong><span style=\"font-size: 16px\">, where visitors can learn about traditional ingenuity and enjoy a walk through a charming natural setting.<\/span><span style=\"font-size: 16px\">.<\/span><\/p>\n<p data-start=\"166\" data-end=\"398\"><strong><\/strong><\/p>\n<p data-start=\"166\" data-end=\"398\">\n<p>[\/et_pb_text][\/et_pb_column][et_pb_column type=\u00bb1_2&#8243; _builder_version=\u00bb4.16&#8243; custom_padding=\u00bb|||\u00bb global_colors_info=\u00bb{}\u00bb custom_padding__hover=\u00bb|||\u00bb theme_builder_area=\u00bbpost_content\u00bb][et_pb_image src=\u00bbhttps:\/\/olladasdebarbeitos.es\/wp-content\/uploads\/2025\/08\/Molinos_de_agua-scaled.jpeg\u00bb title_text=\u00bbMolinos_de_agua\u00bb _builder_version=\u00bb4.27.4&#8243; _module_preset=\u00bbdefault\u00bb animation_style=\u00bbfade\u00bb custom_css_free_form=\u00bbdisplay: inline-block;||text-align: center;||content: %22Rita Mart\u00ednez Farrapeira, CC BY-SA 4.0, v\u00eda Wikimedia Commons%22;||display: block;||font-size: 12px;||color: #777;||margin-top: 4px;||\u00bb border_radii=\u00bbon|20px|20px|20px|20px\u00bb global_colors_info=\u00bb{}\u00bb theme_builder_area=\u00bbpost_content\u00bb][\/et_pb_image][et_pb_text _builder_version=\u00bb4.27.4&#8243; _module_preset=\u00bbdefault\u00bb global_colors_info=\u00bb{}\u00bb theme_builder_area=\u00bbpost_content\u00bb]<\/p>\n<h6 style=\"font-size: 11px; color: #999; font-weight: normal; margin-top: 5px; text-align: center;\">\n  <a href=\"https:\/\/commons.wikimedia.org\/wiki\/File:Molinos_de_agua.JPG\" target=\"_blank\" style=\"color: #999; text-decoration: none;\">Alumaro<\/a>,<br \/>\n  <a href=\"https:\/\/creativecommons.org\/licenses\/by-sa\/4.0\" target=\"_blank\" style=\"color: #999; text-decoration: none;\">CC BY-SA 4.0<\/a>, v\u00eda Wikimedia Commons<br \/>\n<\/h6>\n<p>[\/et_pb_text][\/et_pb_column][\/et_pb_row][et_pb_row _builder_version=\u00bb4.27.4&#8243; _module_preset=\u00bbdefault\u00bb theme_builder_area=\u00bbpost_content\u00bb][et_pb_column _builder_version=\u00bb4.27.4&#8243; _module_preset=\u00bbdefault\u00bb type=\u00bb4_4&#8243; theme_builder_area=\u00bbpost_content\u00bb][et_pb_text _builder_version=\u00bb4.27.4&#8243; _module_preset=\u00bbdefault\u00bb theme_builder_area=\u00bbpost_content\u00bb hover_enabled=\u00bb0&#8243; sticky_enabled=\u00bb0&#8243;]<\/p>\n<h2 data-start=\"108\" data-end=\"141\" style=\"text-align: center;\">Other activities in A Fonsagrada<\/h2>\n<p>&nbsp;<\/p>\n<p data-start=\"143\" data-end=\"522\" style=\"text-align: center;\"><strong data-start=\"143\" data-end=\"203\">Pueblos emblem\u00e1ticos: Veiga de Arroxo y Aldea de Fonfr\u00eda<\/strong><\/p>\n<p data-start=\"143\" data-end=\"522\" class=\"translation-block\">Being <strong data-start=\"213\" data-end=\"229\">A Fonsagrada<\/strong> an eminently rural municipality, it is worth visiting some of its villages and hamlets to discover the <strong data-start=\"341\" data-end=\"380\">traditional mountain architecture<\/strong>, built in stone, with granaries, fountains, small chapels, and other typical constructions, as well as enjoying the calm of rural life.<\/p>\n<p data-start=\"524\" data-end=\"915\" class=\"translation-block\">Among them, the <strong data-start=\"547\" data-end=\"567\">Aldea de Fonfr\u00eda<\/strong> stands out, preserving the legacy of the old pilgrims' hospital, which served as a hostel and inn for those traveling these paths following the route of the <strong data-start=\"723\" data-end=\"749\">Knights of Saint John<\/strong>. Another point of interest is <strong data-start=\"778\" data-end=\"797\">Veiga de Arroxo<\/strong>, a unique ensemble in the parish of San Mart\u00edn de Arroxo that reflects the essence of rural life in Fonsagrada.<\/p>\n<p data-start=\"1170\" data-end=\"1628\">\n<p data-start=\"1630\" data-end=\"1992\" style=\"text-align: center;\" class=\"translation-block\"><strong data-start=\"1630\" data-end=\"1663\">Monte Acevedo (Alto do Acevo)<\/strong><br data-start=\"1663\" data-end=\"1666\">Another of the <strong data-start=\"1678\" data-end=\"1720\">most impressive natural viewpoints<\/strong> in A Fonsagrada is <strong data-start=\"1743\" data-end=\"1760\">Alto do Acevo<\/strong>, located in the parish of Monteseiro. With over a thousand meters of altitude, it gets its name from the abundance of <strong data-start=\"1873\" data-end=\"1883\">holly trees<\/strong> in the area, which also serve as shelter for livestock during the cold winter and hot summer.<\/p>\n<p data-start=\"1994\" data-end=\"2198\" class=\"translation-block\">From this point, it is possible to observe a variety of wildlife, including birds such as <strong data-start=\"2071\" data-end=\"2114\">robins, jays, or common blackbirds<\/strong>, while enjoying a spectacular view of the Fonsagrada mountains.<\/p>\n<p>[\/et_pb_text][\/et_pb_column][\/et_pb_row][\/et_pb_section]<\/p>","protected":false},"excerpt":{"rendered":"<p>Experiencias Naturaleza Cascada de Vilagocende Con sus 50 metros de ca\u00edda libre, la Seimeira de Vilagocende ostenta el t\u00edtulo de la cascada m\u00e1s alta de Galicia y, sin duda, una de las m\u00e1s impresionantes. Su fuerza y belleza, especialmente en \u00e9poca de lluvias, la convierten en un destino imprescindible para los amantes de la naturaleza. [&hellip;]<\/p>","protected":false},"author":1,"featured_media":0,"parent":0,"menu_order":0,"comment_status":"closed","ping_status":"closed","template":"","meta":{"_et_pb_use_builder":"on","_et_pb_old_content":"","_et_gb_content_width":"","footnotes":""},"class_list":["post-413","page","type-page","status-publish","hentry"],"aioseo_notices":[],"_hostinger_reach_plugin_has_subscription_block":false,"_hostinger_reach_plugin_is_elementor":false,"_links":{"self":[{"href":"https:\/\/olladasdebarbeitos.es\/en\/wp-json\/wp\/v2\/pages\/413","targetHints":{"allow":["GET"]}}],"collection":[{"href":"https:\/\/olladasdebarbeitos.es\/en\/wp-json\/wp\/v2\/pages"}],"about":[{"href":"https:\/\/olladasdebarbeitos.es\/en\/wp-json\/wp\/v2\/types\/page"}],"author":[{"embeddable":true,"href":"https:\/\/olladasdebarbeitos.es\/en\/wp-json\/wp\/v2\/users\/1"}],"replies":[{"embeddable":true,"href":"https:\/\/olladasdebarbeitos.es\/en\/wp-json\/wp\/v2\/comments?post=413"}],"version-history":[{"count":4,"href":"https:\/\/olladasdebarbeitos.es\/en\/wp-json\/wp\/v2\/pages\/413\/revisions"}],"predecessor-version":[{"id":427,"href":"https:\/\/olladasdebarbeitos.es\/en\/wp-json\/wp\/v2\/pages\/413\/revisions\/427"}],"wp:attachment":[{"href":"https:\/\/olladasdebarbeitos.es\/en\/wp-json\/wp\/v2\/media?parent=413"}],"curies":[{"name":"wp","href":"https:\/\/api.w.org\/{rel}","templated":true}]}}