{"id":361,"date":"2025-08-13T15:46:17","date_gmt":"2025-08-13T15:46:17","guid":{"rendered":"https:\/\/olladasdebarbeitos.es\/?page_id=361"},"modified":"2025-09-14T08:37:43","modified_gmt":"2025-09-14T08:37:43","slug":"olladas","status":"publish","type":"page","link":"https:\/\/olladasdebarbeitos.es\/gal\/olladas\/","title":{"rendered":"Olladas"},"content":{"rendered":"<p>[et_pb_section fb_built=\u00bb1&#8243; admin_label=\u00bbHeader\u00bb _builder_version=\u00bb4.27.4&#8243; use_background_color_gradient=\u00bbon\u00bb background_color_gradient_type=\u00bbcircular\u00bb background_color_gradient_direction_radial=\u00bbtop left\u00bb background_color_gradient_stops=\u00bbrgba(255,255,255,0.89) 30%|rgba(255,255,255,0) 80%\u00bb background_color_gradient_overlays_image=\u00bbon\u00bb background_color_gradient_start=\u00bbrgba(255,255,255,0.89)\u00bb background_color_gradient_start_position=\u00bb30%\u00bb background_color_gradient_end=\u00bbrgba(255,255,255,0)\u00bb background_color_gradient_end_position=\u00bb80%\u00bb background_image=\u00bbhttps:\/\/olladasdebarbeitos.es\/wp-content\/uploads\/2025\/08\/Terraza-scaled.jpeg\u00bb custom_margin=\u00bb|||\u00bb custom_padding=\u00bb8vw|0px|0|0px|false|false\u00bb locked=\u00bboff\u00bb global_colors_info=\u00bb{}\u00bb theme_builder_area=\u00bbpost_content\u00bb][et_pb_row _builder_version=\u00bb4.16&#8243; global_colors_info=\u00bb{}\u00bb theme_builder_area=\u00bbpost_content\u00bb][et_pb_column type=\u00bb4_4&#8243; _builder_version=\u00bb4.16&#8243; custom_padding=\u00bb|||\u00bb global_colors_info=\u00bb{}\u00bb custom_padding__hover=\u00bb|||\u00bb theme_builder_area=\u00bbpost_content\u00bb][et_pb_text _builder_version=\u00bb4.16&#8243; text_font=\u00bb||||||||\u00bb header_font=\u00bbRaleway|700|||||||\u00bb header_font_size=\u00bb80px\u00bb header_line_height=\u00bb1.2em\u00bb header_5_font=\u00bbRaleway|700||on|||||\u00bb header_5_text_color=\u00bb#000000&#8243; header_5_font_size=\u00bb20px\u00bb header_5_letter_spacing=\u00bb0.5em\u00bb header_5_line_height=\u00bb1.8em\u00bb animation_style=\u00bbzoom\u00bb animation_intensity_zoom=\u00bb5%\u00bb header_font_size_tablet=\u00bb48px\u00bb header_font_size_phone=\u00bb32px\u00bb header_font_size_last_edited=\u00bbon|phone\u00bb header_5_font_size_tablet=\u00bb14px\u00bb header_5_font_size_phone=\u00bb12px\u00bb header_5_font_size_last_edited=\u00bbon|desktop\u00bb global_colors_info=\u00bb{}\u00bb theme_builder_area=\u00bbpost_content\u00bb]<\/p>\n<h5>OLLADAS DE BARBEITOS<\/h5>\n<h1>N\u00f3s\u00a0<\/h1>\n<p>&nbsp;<\/p>\n<p>&nbsp;<\/p>\n<p>&nbsp;<\/p>\n<p>&nbsp;<\/p>\n<p>&nbsp;<\/p>\n<p>[\/et_pb_text][\/et_pb_column][\/et_pb_row][\/et_pb_section][et_pb_section fb_built=\u00bb1&#8243; admin_label=\u00bbHistory\u00bb _builder_version=\u00bb4.16&#8243; global_colors_info=\u00bb{}\u00bb theme_builder_area=\u00bbpost_content\u00bb][et_pb_row _builder_version=\u00bb4.16&#8243; locked=\u00bboff\u00bb global_colors_info=\u00bb{}\u00bb theme_builder_area=\u00bbpost_content\u00bb][et_pb_column type=\u00bb4_4&#8243; _builder_version=\u00bb4.16&#8243; custom_padding=\u00bb|||\u00bb global_colors_info=\u00bb{}\u00bb custom_padding__hover=\u00bb|||\u00bb theme_builder_area=\u00bbpost_content\u00bb][et_pb_text _builder_version=\u00bb4.27.4&#8243; text_font=\u00bb||||||||\u00bb text_font_size=\u00bb16px\u00bb text_line_height=\u00bb2em\u00bb header_font=\u00bb||||||||\u00bb header_2_font=\u00bbRaleway|700|||||||\u00bb header_2_font_size=\u00bb50px\u00bb header_2_line_height=\u00bb1.2em\u00bb header_6_font=\u00bbRaleway|700||on|||||\u00bb header_6_font_size=\u00bb16px\u00bb header_6_letter_spacing=\u00bb5px\u00bb header_6_line_height=\u00bb1.8em\u00bb text_orientation=\u00bbcenter\u00bb max_width=\u00bb700px\u00bb module_alignment=\u00bbcenter\u00bb header_2_font_size_tablet=\u00bb35px\u00bb header_2_font_size_phone=\u00bb25px\u00bb header_2_font_size_last_edited=\u00bbon|phone\u00bb global_colors_info=\u00bb{}\u00bb theme_builder_area=\u00bbpost_content\u00bb]<\/p>\n<h6>historia<\/h6>\n<p class=\"translation-block\">No coraz\u00f3n de A Fonsagrada, entre monta\u00f1as, bosques e cami\u00f1os centenarios, un <strong>antigo cebadoiro de becerros<\/strong> atopou unha nova vida. O que antes fora un espazo de traballo rural transformouse en oito apartamentos de dese\u00f1o, pensados para quen busca unha experiencia de descanso aut\u00e9ntica, con todas as comodidades modernas. Apostamos por materiais locais como a madeira de pi\u00f1eiro galego e unha arquitectura que respecta a contorna, integr\u00e1ndose de xeito natural na paisaxe que nos arrodea.<\/p>\n<p>[\/et_pb_text][\/et_pb_column][\/et_pb_row][\/et_pb_section][et_pb_section fb_built=\u00bb1&#8243; _builder_version=\u00bb4.27.4&#8243; _module_preset=\u00bbdefault\u00bb background_image=\u00bbhttps:\/\/olladasdebarbeitos.es\/wp-content\/uploads\/2025\/08\/angular-sala-scaled.jpg\u00bb height=\u00bb497px\u00bb height_last_edited=\u00bboff|desktop\u00bb global_colors_info=\u00bb{}\u00bb theme_builder_area=\u00bbpost_content\u00bb][et_pb_row _builder_version=\u00bb4.27.4&#8243; _module_preset=\u00bbdefault\u00bb global_colors_info=\u00bb{}\u00bb theme_builder_area=\u00bbpost_content\u00bb][et_pb_column type=\u00bb4_4&#8243; _builder_version=\u00bb4.27.4&#8243; _module_preset=\u00bbdefault\u00bb global_colors_info=\u00bb{}\u00bb theme_builder_area=\u00bbpost_content\u00bb][\/et_pb_column][\/et_pb_row][\/et_pb_section][et_pb_section fb_built=\u00bb1&#8243; admin_label=\u00bbHistory\u00bb _builder_version=\u00bb4.16&#8243; global_colors_info=\u00bb{}\u00bb theme_builder_area=\u00bbpost_content\u00bb][et_pb_row _builder_version=\u00bb4.16&#8243; locked=\u00bboff\u00bb global_colors_info=\u00bb{}\u00bb theme_builder_area=\u00bbpost_content\u00bb][et_pb_column type=\u00bb4_4&#8243; _builder_version=\u00bb4.16&#8243; custom_padding=\u00bb|||\u00bb global_colors_info=\u00bb{}\u00bb custom_padding__hover=\u00bb|||\u00bb theme_builder_area=\u00bbpost_content\u00bb][et_pb_text _builder_version=\u00bb4.27.4&#8243; text_font=\u00bb||||||||\u00bb text_font_size=\u00bb16px\u00bb text_line_height=\u00bb2em\u00bb header_font=\u00bb||||||||\u00bb header_2_font=\u00bbRaleway|700|||||||\u00bb header_2_font_size=\u00bb50px\u00bb header_2_line_height=\u00bb1.2em\u00bb header_6_font=\u00bbRaleway|700||on|||||\u00bb header_6_font_size=\u00bb16px\u00bb header_6_letter_spacing=\u00bb5px\u00bb header_6_line_height=\u00bb1.8em\u00bb text_orientation=\u00bbcenter\u00bb max_width=\u00bb700px\u00bb module_alignment=\u00bbcenter\u00bb header_2_font_size_tablet=\u00bb35px\u00bb header_2_font_size_phone=\u00bb25px\u00bb header_2_font_size_last_edited=\u00bbon|phone\u00bb global_colors_info=\u00bb{}\u00bb theme_builder_area=\u00bbpost_content\u00bb]<\/p>\n<h6>Premios e reco\u00f1ecementos<\/h6>\n<p>O noso proxecto non s\u00f3 conquistou a quen nos visita, sen\u00f3n tam\u00e9n a profesionais da arquitectura e do dese\u00f1o. A singularidade de transformar un antigo cebadoiro de becerros nun conxunto de apartamentos de luxo, respectando a contorna natural e empregando materiais locais, espertou o interese de xurados e expertos a nivel estatal.<\/p>\n<p>[\/et_pb_text][\/et_pb_column][\/et_pb_row][et_pb_row column_structure=\u00bb1_4,1_4,1_4,1_4&#8243; _builder_version=\u00bb4.27.4&#8243; _module_preset=\u00bbdefault\u00bb global_colors_info=\u00bb{}\u00bb theme_builder_area=\u00bbpost_content\u00bb][et_pb_column type=\u00bb1_4&#8243; _builder_version=\u00bb4.27.4&#8243; _module_preset=\u00bbdefault\u00bb global_colors_info=\u00bb{}\u00bb theme_builder_area=\u00bbpost_content\u00bb][et_pb_text _builder_version=\u00bb4.27.4&#8243; _module_preset=\u00bbdefault\u00bb global_colors_info=\u00bb{}\u00bb theme_builder_area=\u00bbpost_content\u00bb]<\/p>\n<p><strong>Premio Arquitectura en Madeira CESUGA<\/strong><\/p>\n<p><strong><\/strong><\/p>\n<p class=\"translation-block\">Fomos <strong data-start=\"532\" data-end=\"616\">ga\u00f1adores do prestixioso premio Arquitectura en Madeira CESUGA \u2013 Pi\u00f1eiro de Galicia<\/strong>, un galard\u00f3n que reco\u00f1ece a excelencia no uso da madeira como elemento construtivo e decorativo, premiando a calidade, sustentabilidade e beleza do proxecto. Este reco\u00f1ecemento pon en valor a nosa aposta por traballar con pi\u00f1eiro galego, un recurso natural de proximidade que achega calidez e durabilidade a cada apartamento.<\/p>\n<p>[\/et_pb_text][\/et_pb_column][et_pb_column type=\u00bb1_4&#8243; _builder_version=\u00bb4.27.4&#8243; _module_preset=\u00bbdefault\u00bb global_colors_info=\u00bb{}\u00bb theme_builder_area=\u00bbpost_content\u00bb][et_pb_text _builder_version=\u00bb4.27.4&#8243; _module_preset=\u00bbdefault\u00bb global_colors_info=\u00bb{}\u00bb theme_builder_area=\u00bbpost_content\u00bb]<\/p>\n<p><strong>Premios Colegio Oficial de Arquitetos de Galicia en Galicia 2025<\/strong><\/p>\n<p>Fuimos <strong data-start=\"967\" data-end=\"1049\">finalistas en los Premios COAG de Arquitectura en Galicia 2025<\/strong>,\u00a0 <span>que cont\u00f3 con la candidatura de 243 propuestas aprobadas, ejecutadas y finalizadas entre el 1 de octubre de 2022 y el 30 de septiembre de 2023. Estos premios<\/span><span>\u00a0buscan reconocer y divulgar lo mejor de la arquitectura gallega. \u00a0<\/span><\/p>\n<p><span><\/span><\/p>\n<p>[\/et_pb_text][\/et_pb_column][et_pb_column type=\u00bb1_4&#8243; _builder_version=\u00bb4.27.4&#8243; _module_preset=\u00bbdefault\u00bb global_colors_info=\u00bb{}\u00bb theme_builder_area=\u00bbpost_content\u00bb][et_pb_text _builder_version=\u00bb4.27.4&#8243; _module_preset=\u00bbdefault\u00bb global_colors_info=\u00bb{}\u00bb theme_builder_area=\u00bbpost_content\u00bb]<\/p>\n<p><strong>Premios de Arquitectura do Colexio de Arquitectos de Espa\u00f1a<\/strong><\/p>\n<p class=\"translation-block\">Fomos <strong data-start=\"967\" data-end=\"1049\">finalistas nos Premios de Arquitectura do Colexio de Arquitectos de Espa\u00f1a<\/strong>, un dos certames m\u00e1is relevantes do pa\u00eds. Formar parte desta selecci\u00f3n significa que o noso proxecto est\u00e1 entre as propostas m\u00e1is innovadoras e respectuosas coa contorna a nivel estatal.<\/p>\n<p>[\/et_pb_text][\/et_pb_column][et_pb_column type=\u00bb1_4&#8243; _builder_version=\u00bb4.27.4&#8243; _module_preset=\u00bbdefault\u00bb global_colors_info=\u00bb{}\u00bb theme_builder_area=\u00bbpost_content\u00bb][et_pb_text _builder_version=\u00bb4.27.4&#8243; _module_preset=\u00bbdefault\u00bb global_colors_info=\u00bb{}\u00bb theme_builder_area=\u00bbpost_content\u00bb]<\/p>\n<p><strong>Premio especial a la Sostenibilidad de la Xunta de Galicia<\/strong><\/p>\n<p class=\"translation-block\">Fomos galardoados co <strong>Premio Especial \u00e1 Sostibilidade<\/strong> no marco dos galard\u00f3ns de Arquitectura e Rehabilitaci\u00f3n que concede a Xunta de Galicia. Este premio auton\u00f3mico reco\u00f1ece proxectos que destacan polo seu <strong>dese\u00f1o responsable co medio ambiente<\/strong>, o uso eficiente dos recursos e a consideraci\u00f3n das futuras xeraci\u00f3ns. Reflicte o no<\/p>\n<p>[\/et_pb_text][\/et_pb_column][\/et_pb_row][et_pb_row _builder_version=\u00bb4.27.4&#8243; _module_preset=\u00bbdefault\u00bb global_colors_info=\u00bb{}\u00bb theme_builder_area=\u00bbpost_content\u00bb][et_pb_column type=\u00bb4_4&#8243; _builder_version=\u00bb4.27.4&#8243; _module_preset=\u00bbdefault\u00bb global_colors_info=\u00bb{}\u00bb theme_builder_area=\u00bbpost_content\u00bb][et_pb_gallery gallery_ids=\u00bb466,467,468,469,470,471,472&#8243; show_title_and_caption=\u00bboff\u00bb show_pagination=\u00bboff\u00bb _builder_version=\u00bb4.27.4&#8243; _module_preset=\u00bbdefault\u00bb custom_css_free_form=\u00bb\/* Contenedor de galer\u00eda *\/||.et_pb_gallery {||  display: flex;||  flex-wrap: wrap;||  gap: 20px; \/* espacio entre elementos *\/||  justify-content: center;||}||||\/* Cada \u00edtem de la galer\u00eda *\/||.et_pb_gallery_item {||  background-color: #fff;||  border-radius: 10px;||  overflow: hidden;||  box-shadow: 0 4px 10px rgba(0,0,0,0.1);||  transition: all 0.3s ease;||  max-width: 300px; \/* ancho m\u00e1ximo de cada imagen *\/||}||||\/* Imagen dentro del \u00edtem *\/||.et_pb_gallery_image img {||  border-radius: 10px 10px 0 0;||  transition: transform 0.3s ease;||}||||\/* Efecto hover: zoom ligero *\/||.et_pb_gallery_item:hover img {||  transform: scale(1.05);||}||||\/* Texto de la galer\u00eda (si hay) *\/||.et_pb_gallery_caption {||  padding: 10px;||  font-size: 14px;||  color: #555;||  background-color: #f8f8f8;||  text-align: center;||}||||\/* Hover en el contenedor: sombra m\u00e1s fuerte *\/||.et_pb_gallery_item:hover {||  box-shadow: 0 6px 16px rgba(0,0,0,0.2);||}||\u00bb global_colors_info=\u00bb{}\u00bb theme_builder_area=\u00bbpost_content\u00bb][\/et_pb_gallery][\/et_pb_column][\/et_pb_row][\/et_pb_section][et_pb_section fb_built=\u00bb1&#8243; _builder_version=\u00bb4.27.4&#8243; _module_preset=\u00bbdefault\u00bb background_image=\u00bbhttps:\/\/olladasdebarbeitos.es\/wp-content\/uploads\/2025\/08\/exterior-scaled.png\u00bb height=\u00bb497px\u00bb height_last_edited=\u00bboff|desktop\u00bb global_colors_info=\u00bb{}\u00bb theme_builder_area=\u00bbpost_content\u00bb][et_pb_row _builder_version=\u00bb4.27.4&#8243; _module_preset=\u00bbdefault\u00bb global_colors_info=\u00bb{}\u00bb theme_builder_area=\u00bbpost_content\u00bb][et_pb_column type=\u00bb4_4&#8243; _builder_version=\u00bb4.27.4&#8243; _module_preset=\u00bbdefault\u00bb global_colors_info=\u00bb{}\u00bb theme_builder_area=\u00bbpost_content\u00bb][\/et_pb_column][\/et_pb_row][\/et_pb_section][et_pb_section fb_built=\u00bb1&#8243; admin_label=\u00bbHistory\u00bb _builder_version=\u00bb4.16&#8243; global_colors_info=\u00bb{}\u00bb theme_builder_area=\u00bbpost_content\u00bb][et_pb_row column_structure=\u00bb1_2,1_2&#8243; _builder_version=\u00bb4.16&#8243; locked=\u00bboff\u00bb global_colors_info=\u00bb{}\u00bb theme_builder_area=\u00bbpost_content\u00bb][et_pb_column type=\u00bb1_2&#8243; _builder_version=\u00bb4.16&#8243; custom_padding=\u00bb|||\u00bb global_colors_info=\u00bb{}\u00bb custom_padding__hover=\u00bb|||\u00bb theme_builder_area=\u00bbpost_content\u00bb][et_pb_text _builder_version=\u00bb4.27.4&#8243; text_font=\u00bb||||||||\u00bb text_font_size=\u00bb16px\u00bb text_line_height=\u00bb2em\u00bb header_font=\u00bb||||||||\u00bb header_2_font=\u00bbRaleway|700|||||||\u00bb header_2_font_size=\u00bb50px\u00bb header_2_line_height=\u00bb1.2em\u00bb header_6_font=\u00bbRaleway|700||on|||||\u00bb header_6_font_size=\u00bb16px\u00bb header_6_letter_spacing=\u00bb5px\u00bb header_6_line_height=\u00bb1.8em\u00bb text_orientation=\u00bbcenter\u00bb max_width=\u00bb700px\u00bb module_alignment=\u00bbcenter\u00bb header_2_font_size_tablet=\u00bb35px\u00bb header_2_font_size_phone=\u00bb25px\u00bb header_2_font_size_last_edited=\u00bbon|phone\u00bb global_colors_info=\u00bb{}\u00bb theme_builder_area=\u00bbpost_content\u00bb]<\/p>\n<h6>A nosa filosof\u00eda<\/h6>\n<p>&nbsp;<\/p>\n<p>&nbsp;<\/p>\n<p data-start=\"208\" data-end=\"410\" class=\"translation-block\">En <strong data-start=\"211\" data-end=\"235\">Olladas de Barbeitos<\/strong> coidamos cada detalle: desde a botella de benvida ata asegurarnos de que todo estea ao teu gusto. A limpeza impecable e o coidado en cada recuncho son a nosa prioridade.<\/p>\n<p data-start=\"412\" data-end=\"696\">Cremos que viaxar \u00e9 moito m\u00e1is que cambiar de lugar: \u00e9 unha oportunidade para reconectar contigo mesmo e coa natureza. Por iso, cada apartamento foi dese\u00f1ado para invitar \u00e1 calma, combinando amplas vistas ao monte coa calidez da madeira que envolve cada estancia.<\/p>\n<p data-start=\"698\" data-end=\"933\">Defendemos un turismo respectuoso, que achegue valor \u00e1 comunidade local e preserve a contorna para as xeraci\u00f3ns futuras. Cada visita \u00e9 unha experiencia pensada para que te sintas coidado, relaxado e en harmon\u00eda coa natureza.<\/p>\n<p>[\/et_pb_text][\/et_pb_column][et_pb_column type=\u00bb1_2&#8243; _builder_version=\u00bb4.16&#8243; custom_padding=\u00bb|||\u00bb global_colors_info=\u00bb{}\u00bb custom_padding__hover=\u00bb|||\u00bb theme_builder_area=\u00bbpost_content\u00bb][et_pb_image src=\u00bbhttps:\/\/olladasdebarbeitos.es\/wp-content\/uploads\/2025\/08\/Exteriores-1.jpg\u00bb title_text=\u00bbExteriores\u00bb _builder_version=\u00bb4.27.4&#8243; _module_preset=\u00bbdefault\u00bb border_radii=\u00bbon|20px|20px|20px|20px\u00bb global_colors_info=\u00bb{}\u00bb theme_builder_area=\u00bbpost_content\u00bb][\/et_pb_image][\/et_pb_column][\/et_pb_row][\/et_pb_section][et_pb_section fb_built=\u00bb1&#8243; _builder_version=\u00bb4.27.4&#8243; _module_preset=\u00bbdefault\u00bb background_image=\u00bbhttps:\/\/olladasdebarbeitos.es\/wp-content\/uploads\/2025\/08\/exterior-scaled.png\u00bb height=\u00bb497px\u00bb height_last_edited=\u00bboff|desktop\u00bb global_colors_info=\u00bb{}\u00bb theme_builder_area=\u00bbpost_content\u00bb][et_pb_row _builder_version=\u00bb4.27.4&#8243; _module_preset=\u00bbdefault\u00bb global_colors_info=\u00bb{}\u00bb theme_builder_area=\u00bbpost_content\u00bb][et_pb_column type=\u00bb4_4&#8243; _builder_version=\u00bb4.27.4&#8243; _module_preset=\u00bbdefault\u00bb global_colors_info=\u00bb{}\u00bb theme_builder_area=\u00bbpost_content\u00bb][\/et_pb_column][\/et_pb_row][\/et_pb_section][et_pb_section fb_built=\u00bb1&#8243; admin_label=\u00bbHistory\u00bb _builder_version=\u00bb4.16&#8243; global_colors_info=\u00bb{}\u00bb theme_builder_area=\u00bbpost_content\u00bb][et_pb_row column_structure=\u00bb1_2,1_2&#8243; _builder_version=\u00bb4.16&#8243; locked=\u00bboff\u00bb global_colors_info=\u00bb{}\u00bb theme_builder_area=\u00bbpost_content\u00bb][et_pb_column type=\u00bb1_2&#8243; _builder_version=\u00bb4.16&#8243; custom_padding=\u00bb|||\u00bb global_colors_info=\u00bb{}\u00bb custom_padding__hover=\u00bb|||\u00bb theme_builder_area=\u00bbpost_content\u00bb][et_pb_text _builder_version=\u00bb4.27.4&#8243; text_font=\u00bb||||||||\u00bb text_font_size=\u00bb16px\u00bb text_line_height=\u00bb2em\u00bb header_font=\u00bb||||||||\u00bb header_2_font=\u00bbRaleway|700|||||||\u00bb header_2_font_size=\u00bb50px\u00bb header_2_line_height=\u00bb1.2em\u00bb header_6_font=\u00bbRaleway|700||on|||||\u00bb header_6_font_size=\u00bb16px\u00bb header_6_letter_spacing=\u00bb5px\u00bb header_6_line_height=\u00bb1.8em\u00bb text_orientation=\u00bbcenter\u00bb max_width=\u00bb700px\u00bb module_alignment=\u00bbcenter\u00bb hover_enabled=\u00bb0&#8243; header_2_font_size_tablet=\u00bb35px\u00bb header_2_font_size_phone=\u00bb25px\u00bb header_2_font_size_last_edited=\u00bbon|phone\u00bb global_colors_info=\u00bb{}\u00bb theme_builder_area=\u00bbpost_content\u00bb sticky_enabled=\u00bb0&#8243;]<\/p>\n<h6>COMO CHEGAR<\/h6>\n<p>&nbsp;<\/p>\n<p>&nbsp;<\/p>\n<p data-start=\"208\" data-end=\"410\"><span>Unha vez chegues a A Fonsagrada, s\u00f3 tes que seguir 5 minutos m\u00e1is pola estrada LU-701. Simplemente, segue recto na mesma direcci\u00f3n da que vi\u00f1as. Unha vez en Barbeitos, atopar\u00e1s o Mes\u00f3n 4 Ventos nunha intersecci\u00f3n de cami\u00f1os. \u00c1 dereita atopar\u00e1s os apartamentos Olladas de Barbeitos.<\/span><\/p>\n<p>[\/et_pb_text][\/et_pb_column][et_pb_column type=\u00bb1_2&#8243; _builder_version=\u00bb4.16&#8243; custom_padding=\u00bb|||\u00bb global_colors_info=\u00bb{}\u00bb custom_padding__hover=\u00bb|||\u00bb theme_builder_area=\u00bbpost_content\u00bb][et_pb_image src=\u00bbhttps:\/\/olladasdebarbeitos.es\/wp-content\/uploads\/2025\/09\/Como-llegar.png\u00bb title_text=\u00bbCo\u0301mo llegar\u00bb _builder_version=\u00bb4.27.4&#8243; _module_preset=\u00bbdefault\u00bb hover_enabled=\u00bb0&#8243; border_radii=\u00bbon|20px|20px|20px|20px\u00bb global_colors_info=\u00bb{}\u00bb theme_builder_area=\u00bbpost_content\u00bb sticky_enabled=\u00bb0&#8243;][\/et_pb_image][\/et_pb_column][\/et_pb_row][\/et_pb_section]<\/p>","protected":false},"excerpt":{"rendered":"<p>OLLADAS DE BARBEITOS Nosotros\u00a0 &nbsp; &nbsp; &nbsp; &nbsp; &nbsp;historia En pleno coraz\u00f3n de A Fonsagrada, entre monta\u00f1as, bosques y caminos centenarios, un antiguo cebadero de becerros encontr\u00f3 una nueva vida. Lo que antes fue un espacio de trabajo rural se transform\u00f3 en ocho apartamentos de dise\u00f1o, pensados para quienes buscan una experiencia de descanso aut\u00e9ntica, [&hellip;]<\/p>","protected":false},"author":1,"featured_media":0,"parent":0,"menu_order":0,"comment_status":"closed","ping_status":"closed","template":"","meta":{"_et_pb_use_builder":"on","_et_pb_old_content":"","_et_gb_content_width":"","footnotes":""},"class_list":["post-361","page","type-page","status-publish","hentry"],"aioseo_notices":[],"_hostinger_reach_plugin_has_subscription_block":false,"_hostinger_reach_plugin_is_elementor":false,"_links":{"self":[{"href":"https:\/\/olladasdebarbeitos.es\/gal\/wp-json\/wp\/v2\/pages\/361","targetHints":{"allow":["GET"]}}],"collection":[{"href":"https:\/\/olladasdebarbeitos.es\/gal\/wp-json\/wp\/v2\/pages"}],"about":[{"href":"https:\/\/olladasdebarbeitos.es\/gal\/wp-json\/wp\/v2\/types\/page"}],"author":[{"embeddable":true,"href":"https:\/\/olladasdebarbeitos.es\/gal\/wp-json\/wp\/v2\/users\/1"}],"replies":[{"embeddable":true,"href":"https:\/\/olladasdebarbeitos.es\/gal\/wp-json\/wp\/v2\/comments?post=361"}],"version-history":[{"count":11,"href":"https:\/\/olladasdebarbeitos.es\/gal\/wp-json\/wp\/v2\/pages\/361\/revisions"}],"predecessor-version":[{"id":629,"href":"https:\/\/olladasdebarbeitos.es\/gal\/wp-json\/wp\/v2\/pages\/361\/revisions\/629"}],"wp:attachment":[{"href":"https:\/\/olladasdebarbeitos.es\/gal\/wp-json\/wp\/v2\/media?parent=361"}],"curies":[{"name":"wp","href":"https:\/\/api.w.org\/{rel}","templated":true}]}}