{"id":374,"date":"2025-08-13T15:05:25","date_gmt":"2025-08-13T15:05:25","guid":{"rendered":"https:\/\/olladasdebarbeitos.es\/?page_id=374"},"modified":"2025-08-13T15:05:25","modified_gmt":"2025-08-13T15:05:25","slug":"desayuno","status":"publish","type":"page","link":"https:\/\/olladasdebarbeitos.es\/gal\/desayuno\/","title":{"rendered":"Almorzo"},"content":{"rendered":"<p>[et_pb_section fb_built=\u00bb1&#8243; admin_label=\u00bbHeader\u00bb _builder_version=\u00bb4.27.4&#8243; use_background_color_gradient=\u00bbon\u00bb background_color_gradient_type=\u00bbcircular\u00bb background_color_gradient_direction_radial=\u00bbtop left\u00bb background_color_gradient_stops=\u00bbrgba(255,255,255,0.89) 30%|rgba(255,255,255,0) 80%\u00bb background_color_gradient_overlays_image=\u00bbon\u00bb background_color_gradient_start=\u00bbrgba(255,255,255,0.89)\u00bb background_color_gradient_start_position=\u00bb30%\u00bb background_color_gradient_end=\u00bbrgba(255,255,255,0)\u00bb background_color_gradient_end_position=\u00bb80%\u00bb background_enable_image=\u00bboff\u00bb background_video_mp4=\u00bbhttps:\/\/olladasdebarbeitos.es\/wp-content\/uploads\/2025\/08\/desayuno.mp4&#8243; custom_margin=\u00bb|||\u00bb custom_padding=\u00bb8vw||8vw||true\u00bb hover_enabled=\u00bb0&#8243; global_colors_info=\u00bb{}\u00bb theme_builder_area=\u00bbet_body_layout\u00bb title_text=\u00bbdesayuno\u00bb sticky_enabled=\u00bb0&#8243;][et_pb_row _builder_version=\u00bb4.16&#8243; global_colors_info=\u00bb{}\u00bb theme_builder_area=\u00bbet_body_layout\u00bb][et_pb_column type=\u00bb4_4&#8243; _builder_version=\u00bb4.16&#8243; custom_padding=\u00bb|||\u00bb global_colors_info=\u00bb{}\u00bb custom_padding__hover=\u00bb|||\u00bb theme_builder_area=\u00bbet_body_layout\u00bb][et_pb_text _builder_version=\u00bb4.27.4&#8243; text_font=\u00bb||||||||\u00bb header_font=\u00bbRaleway|700|||||||\u00bb header_font_size=\u00bb80px\u00bb header_line_height=\u00bb1.2em\u00bb header_5_font=\u00bbRaleway|700||on|||||\u00bb header_5_text_color=\u00bb#000000&#8243; header_5_font_size=\u00bb20px\u00bb header_5_letter_spacing=\u00bb0.5em\u00bb header_5_line_height=\u00bb1.8em\u00bb animation_style=\u00bbzoom\u00bb animation_intensity_zoom=\u00bb5%\u00bb header_font_size_tablet=\u00bb48px\u00bb header_font_size_phone=\u00bb32px\u00bb header_font_size_last_edited=\u00bbon|phone\u00bb header_5_font_size_tablet=\u00bb14px\u00bb header_5_font_size_phone=\u00bb12px\u00bb header_5_font_size_last_edited=\u00bbon|desktop\u00bb global_colors_info=\u00bb{}\u00bb theme_builder_area=\u00bbet_body_layout\u00bb]<\/p>\n<h5><span style=\"color: #ffffff;\">Experiencias<\/span><\/h5>\n<h1><span style=\"color: #ffffff;\">Almorzo<\/span><\/h1>\n<p><span style=\"color: #ffffff;\"><\/span><\/p>\n<p><span style=\"color: #ffffff;\"><\/span><\/p>\n<p><span style=\"color: #ffffff;\"><\/span><\/p>\n<p><span style=\"color: #ffffff;\"><\/span><\/p>\n<p><span style=\"color: #ffffff;\"><\/span><\/p>\n<p>[\/et_pb_text][\/et_pb_column][\/et_pb_row][\/et_pb_section][et_pb_section fb_built=\u00bb1&#8243; admin_label=\u00bbAbout\u00bb _builder_version=\u00bb4.16&#8243; custom_padding=\u00bb||10px|||\u00bb global_colors_info=\u00bb{}\u00bb theme_builder_area=\u00bbet_body_layout\u00bb][et_pb_row custom_padding_last_edited=\u00bbon|desktop\u00bb _builder_version=\u00bb4.16&#8243; custom_padding=\u00bb27px|100px|27px|100px|false|false\u00bb custom_padding_tablet=\u00bb|0px||0px||true\u00bb custom_padding_phone=\u00bb\u00bb global_colors_info=\u00bb{}\u00bb theme_builder_area=\u00bbet_body_layout\u00bb][et_pb_column type=\u00bb4_4&#8243; _builder_version=\u00bb4.16&#8243; custom_padding=\u00bb|||\u00bb global_colors_info=\u00bb{}\u00bb custom_padding__hover=\u00bb|||\u00bb theme_builder_area=\u00bbet_body_layout\u00bb][et_pb_text _builder_version=\u00bb4.16&#8243; text_font=\u00bb||||||||\u00bb text_font_size=\u00bb16px\u00bb text_line_height=\u00bb2em\u00bb header_font=\u00bb||||||||\u00bb header_2_font=\u00bbRaleway|700|||||||\u00bb header_2_font_size=\u00bb50px\u00bb header_2_line_height=\u00bb1.2em\u00bb header_6_font=\u00bbRaleway|700||on|||||\u00bb header_6_font_size=\u00bb16px\u00bb header_6_letter_spacing=\u00bb5px\u00bb header_6_line_height=\u00bb1.8em\u00bb text_orientation=\u00bbcenter\u00bb max_width=\u00bb700px\u00bb max_width_last_edited=\u00bboff|desktop\u00bb module_alignment=\u00bbcenter\u00bb header_2_font_size_tablet=\u00bb35px\u00bb header_2_font_size_phone=\u00bb25px\u00bb header_2_font_size_last_edited=\u00bbon|phone\u00bb global_colors_info=\u00bb{}\u00bb theme_builder_area=\u00bbet_body_layout\u00bb]<\/p>\n<h2>O teu almorzo sen sa\u00edr do apartamento\u00a0\u00a0<\/h2>\n<p data-start=\"214\" data-end=\"490\" class=\"translation-block\">Contrata o noso servizo de almorzo e comeza o d\u00eda da mellor maneira co noso <strong>almorzo caseiro<\/strong>, servido directamente na porta do teu apartamento \u00e1 primeira hora da ma\u00f1\u00e1. Disfruta dun momento tranquilo e acolledor mentres te preparas para explorar todo o que a nosa rexi\u00f3n ten para ofrecer.<\/p>\n<p>[\/et_pb_text][\/et_pb_column][\/et_pb_row][\/et_pb_section][et_pb_section fb_built=\u00bb1&#8243; specialty=\u00bbon\u00bb admin_label=\u00bbRoom\u00bb _builder_version=\u00bb4.16&#8243; global_colors_info=\u00bb{}\u00bb theme_builder_area=\u00bbet_body_layout\u00bb custom_padding=\u00bb2px|||||\u00bb][et_pb_column type=\u00bb1_2&#8243; specialty_columns=\u00bb2&#8243; _builder_version=\u00bb4.16&#8243; custom_padding=\u00bb|||\u00bb global_colors_info=\u00bb{}\u00bb custom_padding__hover=\u00bb|||\u00bb theme_builder_area=\u00bbet_body_layout\u00bb][et_pb_row_inner _builder_version=\u00bb4.16&#8243; global_colors_info=\u00bb{}\u00bb theme_builder_area=\u00bbet_body_layout\u00bb][et_pb_column_inner saved_specialty_column_type=\u00bb1_2&#8243; _builder_version=\u00bb4.16&#8243; custom_padding=\u00bb|||\u00bb global_colors_info=\u00bb{}\u00bb custom_padding__hover=\u00bb|||\u00bb theme_builder_area=\u00bbet_body_layout\u00bb][et_pb_image src=\u00bbhttps:\/\/olladasdebarbeitos.es\/wp-content\/uploads\/2025\/08\/image-0002-1-scaled.jpeg\u00bb alt=\u00bbmeson catroventos\u00bb title_text=\u00bbimage 0002&#8243; align_tablet=\u00bbcenter\u00bb align_phone=\u00bbcenter\u00bb align_last_edited=\u00bbon|desktop\u00bb _builder_version=\u00bb4.27.4&#8243; hover_enabled=\u00bb0&#8243; border_radii=\u00bbon|20px|20px|20px|20px\u00bb locked=\u00bboff\u00bb global_colors_info=\u00bb{}\u00bb theme_builder_area=\u00bbet_body_layout\u00bb sticky_enabled=\u00bb0&#8243;][\/et_pb_image][\/et_pb_column_inner][\/et_pb_row_inner][et_pb_row_inner _builder_version=\u00bb4.16&#8243; global_colors_info=\u00bb{}\u00bb theme_builder_area=\u00bbet_body_layout\u00bb][et_pb_column_inner saved_specialty_column_type=\u00bb1_2&#8243; _builder_version=\u00bb4.16&#8243; custom_padding=\u00bb|||\u00bb global_colors_info=\u00bb{}\u00bb custom_padding__hover=\u00bb|||\u00bb theme_builder_area=\u00bbet_body_layout\u00bb][et_pb_image src=\u00bbhttps:\/\/olladasdebarbeitos.es\/wp-content\/uploads\/2025\/08\/image-0000-scaled.jpeg\u00bb alt=\u00bbmeson catroventos\u00bb title_text=\u00bbimage 0000&#8243; align_tablet=\u00bbcenter\u00bb align_phone=\u00bbcenter\u00bb align_last_edited=\u00bbon|desktop\u00bb _builder_version=\u00bb4.27.4&#8243; hover_enabled=\u00bb0&#8243; border_radii=\u00bbon|20px|20px|20px|20px\u00bb locked=\u00bboff\u00bb global_colors_info=\u00bb{}\u00bb theme_builder_area=\u00bbet_body_layout\u00bb sticky_enabled=\u00bb0&#8243;][\/et_pb_image][\/et_pb_column_inner][\/et_pb_row_inner][\/et_pb_column][et_pb_column type=\u00bb1_2&#8243; _builder_version=\u00bb4.16&#8243; custom_padding=\u00bb|||\u00bb global_colors_info=\u00bb{}\u00bb custom_padding__hover=\u00bb|||\u00bb theme_builder_area=\u00bbet_body_layout\u00bb][et_pb_text _builder_version=\u00bb4.16&#8243; text_font=\u00bb||||||||\u00bb text_font_size=\u00bb16px\u00bb text_line_height=\u00bb2em\u00bb ul_font=\u00bb||||||||\u00bb ul_line_height=\u00bb2em\u00bb header_font=\u00bb||||||||\u00bb header_3_font=\u00bbRaleway|700|||||||\u00bb header_3_font_size=\u00bb40px\u00bb header_3_line_height=\u00bb1.4em\u00bb header_6_line_height=\u00bb1.8em\u00bb header_3_font_size_tablet=\u00bb35px\u00bb header_3_font_size_phone=\u00bb25px\u00bb header_3_font_size_last_edited=\u00bbon|phone\u00bb locked=\u00bboff\u00bb global_colors_info=\u00bb{}\u00bb theme_builder_area=\u00bbet_body_layout\u00bb]<\/p>\n<h3><\/h3>\n<p>&nbsp;<\/p>\n<p data-start=\"492\" data-end=\"655\">Cada almorzo est\u00e1 coidadosamente preparado con produtos frescos e de calidade, pensado para que te\u00f1as enerx\u00eda e sabor en cada bocado. O noso almorzo incl\u00fae:<\/p>\n<ul data-start=\"657\" data-end=\"1004\">\n<li data-start=\"657\" data-end=\"674\">\n<p data-start=\"659\" data-end=\"674\">Termo de caf\u00e9<\/p>\n<\/li>\n<li data-start=\"675\" data-end=\"744\">\n<p data-start=\"677\" data-end=\"744\">Termo de leite enteiro (leite sen lactosa ou vexetal baixo petici\u00f3n)<\/p>\n<\/li>\n<li data-start=\"745\" data-end=\"782\">\n<p data-start=\"747\" data-end=\"782\">Zume natural de maz\u00e1 ou laranxa<\/p>\n<\/li>\n<li data-start=\"783\" data-end=\"798\">\n<p data-start=\"785\" data-end=\"798\">Pan torrado<\/p>\n<\/li>\n<li data-start=\"799\" data-end=\"812\">\n<p data-start=\"801\" data-end=\"812\">Mermelada<\/p>\n<\/li>\n<li data-start=\"813\" data-end=\"821\">\n<p data-start=\"815\" data-end=\"821\">Mel<\/p>\n<\/li>\n<li data-start=\"822\" data-end=\"837\">\n<p data-start=\"824\" data-end=\"837\">Manteiga<\/p>\n<\/li>\n<li data-start=\"838\" data-end=\"856\">\n<p data-start=\"840\" data-end=\"856\">Tomate natural<\/p>\n<\/li>\n<li data-start=\"857\" data-end=\"867\">\n<p data-start=\"859\" data-end=\"867\">Aceite<\/p>\n<\/li>\n<li data-start=\"868\" data-end=\"875\">\n<p data-start=\"870\" data-end=\"875\">Sal<\/p>\n<\/li>\n<li data-start=\"876\" data-end=\"903\">\n<p data-start=\"878\" data-end=\"903\">Bizcoito ou doce caseiro<\/p>\n<\/li>\n<li data-start=\"904\" data-end=\"914\">\n<p data-start=\"906\" data-end=\"914\">Iogur<\/p>\n<\/li>\n<li data-start=\"915\" data-end=\"937\">\n<p data-start=\"917\" data-end=\"937\">Froita de tempada<\/p>\n<\/li>\n<li data-start=\"938\" data-end=\"948\">\n<p data-start=\"940\" data-end=\"948\">Azucre<\/p>\n<\/li>\n<li data-start=\"949\" data-end=\"1004\">\n<p data-start=\"951\" data-end=\"1004\">Colacao, infusi\u00f3n\/t\u00e9 ou descafeinado (baixo petici\u00f3n)<\/p>\n<\/li>\n<\/ul>\n<p>[\/et_pb_text][\/et_pb_column][\/et_pb_section]<\/p>","protected":false},"excerpt":{"rendered":"<p>Experiencias Desayuno Tu desayuno sin salir del apartamento\u00a0\u00a0 Contrata nuestro servicio de desayuno y comienza el d\u00eda de la mejor manera con nuestro desayuno casero, servido directamente en la puerta de tu apartamento a primera hora de la ma\u00f1ana. Disfruta de un momento tranquilo y acogedor mientras te preparas para explorar todo lo que nuestra [&hellip;]<\/p>","protected":false},"author":1,"featured_media":0,"parent":0,"menu_order":0,"comment_status":"closed","ping_status":"closed","template":"","meta":{"_et_pb_use_builder":"on","_et_pb_old_content":"","_et_gb_content_width":"","footnotes":""},"class_list":["post-374","page","type-page","status-publish","hentry"],"aioseo_notices":[],"_hostinger_reach_plugin_has_subscription_block":false,"_hostinger_reach_plugin_is_elementor":false,"_links":{"self":[{"href":"https:\/\/olladasdebarbeitos.es\/gal\/wp-json\/wp\/v2\/pages\/374","targetHints":{"allow":["GET"]}}],"collection":[{"href":"https:\/\/olladasdebarbeitos.es\/gal\/wp-json\/wp\/v2\/pages"}],"about":[{"href":"https:\/\/olladasdebarbeitos.es\/gal\/wp-json\/wp\/v2\/types\/page"}],"author":[{"embeddable":true,"href":"https:\/\/olladasdebarbeitos.es\/gal\/wp-json\/wp\/v2\/users\/1"}],"replies":[{"embeddable":true,"href":"https:\/\/olladasdebarbeitos.es\/gal\/wp-json\/wp\/v2\/comments?post=374"}],"version-history":[{"count":3,"href":"https:\/\/olladasdebarbeitos.es\/gal\/wp-json\/wp\/v2\/pages\/374\/revisions"}],"predecessor-version":[{"id":383,"href":"https:\/\/olladasdebarbeitos.es\/gal\/wp-json\/wp\/v2\/pages\/374\/revisions\/383"}],"wp:attachment":[{"href":"https:\/\/olladasdebarbeitos.es\/gal\/wp-json\/wp\/v2\/media?parent=374"}],"curies":[{"name":"wp","href":"https:\/\/api.w.org\/{rel}","templated":true}]}}