{"id":413,"date":"2025-08-14T08:55:01","date_gmt":"2025-08-14T08:55:01","guid":{"rendered":"https:\/\/olladasdebarbeitos.es\/?page_id=413"},"modified":"2025-08-14T08:55:01","modified_gmt":"2025-08-14T08:55:01","slug":"naturaleza","status":"publish","type":"page","link":"https:\/\/olladasdebarbeitos.es\/gal\/naturaleza\/","title":{"rendered":"Natureza"},"content":{"rendered":"<p>[et_pb_section fb_built=\u00bb1&#8243; admin_label=\u00bbHeader\u00bb _builder_version=\u00bb4.27.4&#8243; use_background_color_gradient=\u00bbon\u00bb background_color_gradient_type=\u00bbcircular\u00bb background_color_gradient_direction_radial=\u00bbtop left\u00bb background_color_gradient_stops=\u00bbrgba(255,255,255,0.89) 30%|rgba(255,255,255,0) 80%\u00bb background_color_gradient_overlays_image=\u00bbon\u00bb background_color_gradient_start=\u00bbrgba(255,255,255,0.89)\u00bb background_color_gradient_start_position=\u00bb30%\u00bb background_color_gradient_end=\u00bbrgba(255,255,255,0)\u00bb background_color_gradient_end_position=\u00bb80%\u00bb background_enable_image=\u00bboff\u00bb background_video_mp4=\u00bbhttps:\/\/olladasdebarbeitos.es\/wp-content\/uploads\/2025\/08\/olladas-naturaleza.mp4&#8243; custom_margin=\u00bb|||\u00bb custom_padding=\u00bb8vw||8vw||true\u00bb hover_enabled=\u00bb0&#8243; global_colors_info=\u00bb{}\u00bb theme_builder_area=\u00bbpost_content\u00bb title_text=\u00bbolladas naturaleza\u00bb sticky_enabled=\u00bb0&#8243;][et_pb_row _builder_version=\u00bb4.16&#8243; global_colors_info=\u00bb{}\u00bb theme_builder_area=\u00bbpost_content\u00bb][et_pb_column type=\u00bb4_4&#8243; _builder_version=\u00bb4.16&#8243; custom_padding=\u00bb|||\u00bb global_colors_info=\u00bb{}\u00bb custom_padding__hover=\u00bb|||\u00bb theme_builder_area=\u00bbpost_content\u00bb][et_pb_text _builder_version=\u00bb4.27.4&#8243; text_font=\u00bb||||||||\u00bb header_font=\u00bbRaleway|700|||||||\u00bb header_font_size=\u00bb80px\u00bb header_line_height=\u00bb1.2em\u00bb header_5_font=\u00bbRaleway|700||on|||||\u00bb header_5_text_color=\u00bb#000000&#8243; header_5_font_size=\u00bb20px\u00bb header_5_letter_spacing=\u00bb0.5em\u00bb header_5_line_height=\u00bb1.8em\u00bb animation_style=\u00bbzoom\u00bb animation_intensity_zoom=\u00bb5%\u00bb header_font_size_tablet=\u00bb48px\u00bb header_font_size_phone=\u00bb32px\u00bb header_font_size_last_edited=\u00bbon|phone\u00bb header_5_font_size_tablet=\u00bb14px\u00bb header_5_font_size_phone=\u00bb12px\u00bb header_5_font_size_last_edited=\u00bbon|desktop\u00bb global_colors_info=\u00bb{}\u00bb theme_builder_area=\u00bbpost_content\u00bb]<\/p>\n<h5><span style=\"color: #ffffff;\">Experiencias<\/span><\/h5>\n<h1><span style=\"color: #ffffff;\">Natureza<\/span><\/h1>\n<p><span style=\"color: #ffffff;\"><\/span><\/p>\n<p><span style=\"color: #ffffff;\"><\/span><\/p>\n<p><span style=\"color: #ffffff;\"><\/span><\/p>\n<p><span style=\"color: #ffffff;\"><\/span><\/p>\n<p><span style=\"color: #ffffff;\"><\/span><\/p>\n<p>[\/et_pb_text][\/et_pb_column][\/et_pb_row][\/et_pb_section][et_pb_section fb_built=\u00bb1&#8243; admin_label=\u00bbAbout\u00bb _builder_version=\u00bb4.16&#8243; custom_padding=\u00bb||10px|||\u00bb global_colors_info=\u00bb{}\u00bb theme_builder_area=\u00bbpost_content\u00bb][et_pb_row column_structure=\u00bb1_2,1_2&#8243; custom_padding_last_edited=\u00bbon|desktop\u00bb _builder_version=\u00bb4.16&#8243; custom_padding=\u00bb27px|100px|27px|100px|false|false\u00bb custom_padding_tablet=\u00bb|0px||0px||true\u00bb custom_padding_phone=\u00bb\u00bb global_colors_info=\u00bb{}\u00bb theme_builder_area=\u00bbpost_content\u00bb][et_pb_column type=\u00bb1_2&#8243; _builder_version=\u00bb4.16&#8243; custom_padding=\u00bb|||\u00bb global_colors_info=\u00bb{}\u00bb custom_padding__hover=\u00bb|||\u00bb theme_builder_area=\u00bbpost_content\u00bb][et_pb_text _builder_version=\u00bb4.16&#8243; text_font=\u00bb||||||||\u00bb text_font_size=\u00bb16px\u00bb text_line_height=\u00bb2em\u00bb header_font=\u00bb||||||||\u00bb header_2_font=\u00bbRaleway|700|||||||\u00bb header_2_font_size=\u00bb50px\u00bb header_2_line_height=\u00bb1.2em\u00bb header_6_font=\u00bbRaleway|700||on|||||\u00bb header_6_font_size=\u00bb16px\u00bb header_6_letter_spacing=\u00bb5px\u00bb header_6_line_height=\u00bb1.8em\u00bb text_orientation=\u00bbcenter\u00bb max_width=\u00bb700px\u00bb max_width_last_edited=\u00bboff|desktop\u00bb module_alignment=\u00bbcenter\u00bb header_2_font_size_tablet=\u00bb35px\u00bb header_2_font_size_phone=\u00bb25px\u00bb header_2_font_size_last_edited=\u00bbon|phone\u00bb global_colors_info=\u00bb{}\u00bb theme_builder_area=\u00bbpost_content\u00bb]<\/p>\n<h2>Cascada de Vilagocende<\/h2>\n<p data-start=\"194\" data-end=\"490\" class=\"translation-block\">Con s\u00faas <strong data-start=\"202\" data-end=\"230\">50 metros de ca\u00edda libre<\/strong>, a Seimeira de Vilagocende ostenta o t\u00edtulo da fervenza m\u00e1is alta de Galicia e, sen d\u00fabida, unha das m\u00e1is impresionantes. A s\u00faa forza e beleza, especialmente en \u00e9poca de choivas, conv\u00e9rtena nun destino imprescindible para os amantes da natureza.<\/p>\n<p data-start=\"492\" data-end=\"838\">Para llegar, toma la carretera <strong data-start=\"523\" data-end=\"533\">LU-721<\/strong> en direcci\u00f3n a Vilagocende. Pocos metros antes de la aldea, ver\u00e1s un cartel a la derecha que indica el inicio de la ruta y una zona de aparcamiento. Desde ah\u00ed, comienza un sendero corto y agradable, rodeado de robledales y pinos aut\u00f3ctonos, que poco a poco te adentra en un entorno cada vez m\u00e1s m\u00e1gico.<\/p>\n<p data-start=\"840\" data-end=\"1169\" class=\"translation-block\">O percorrido, de <strong data-start=\"857\" data-end=\"874\">apenas 1,1 km<\/strong> e con moi pouco desnivel, \u00e9 perfecto para calquera condici\u00f3n f\u00edsica. Ao final, unhas pasarelas de madeira anuncian a chegada ao gran momento: a impo\u00f1ente cortina de auga do <strong data-start=\"1050\" data-end=\"1067\">r\u00edo Porteli\u00f1a<\/strong>, que se desploma con estrondo e frescura, ofrecendo un espect\u00e1culo \u00fanico para todos os sentidos.<\/p>\n<p data-start=\"840\" data-end=\"1169\" class=\"translation-block\">Se queres unha vista diferente, un miradoiro situado sobre a cachoeira regalar\u00e1 outra perspectiva deste lugar emblem\u00e1tico de <strong data-start=\"1297\" data-end=\"1313\">A Fonsagrada<\/strong>.<\/p>\n<p data-start=\"166\" data-end=\"398\"><strong><\/strong><\/p>\n<p data-start=\"166\" data-end=\"398\">\n<p>[\/et_pb_text][\/et_pb_column][et_pb_column type=\u00bb1_2&#8243; _builder_version=\u00bb4.16&#8243; custom_padding=\u00bb|||\u00bb global_colors_info=\u00bb{}\u00bb custom_padding__hover=\u00bb|||\u00bb theme_builder_area=\u00bbpost_content\u00bb][et_pb_image src=\u00bbhttps:\/\/olladasdebarbeitos.es\/wp-content\/uploads\/2025\/08\/Seimeira_de_Vilagocende_-_A_Fonsagrada.jpg\u00bb title_text=\u00bbSeimeira_de_Vilagocende_-_A_Fonsagrada\u00bb _builder_version=\u00bb4.27.4&#8243; _module_preset=\u00bbdefault\u00bb animation_style=\u00bbfade\u00bb custom_css_free_form=\u00bbdisplay: inline-block;||text-align: center;||content: %22Rita Mart\u00ednez Farrapeira, CC BY-SA 4.0, v\u00eda Wikimedia Commons%22;||display: block;||font-size: 12px;||color: #777;||margin-top: 4px;||\u00bb border_radii=\u00bbon|20px|20px|20px|20px\u00bb global_colors_info=\u00bb{}\u00bb theme_builder_area=\u00bbpost_content\u00bb][\/et_pb_image][et_pb_text _builder_version=\u00bb4.27.4&#8243; _module_preset=\u00bbdefault\u00bb global_colors_info=\u00bb{}\u00bb theme_builder_area=\u00bbpost_content\u00bb]<\/p>\n<h6 style=\"font-size: 11px; color: #999; font-weight: normal; margin-top: 5px;\">Rita Mart\u00ednez Farrapeira, <a href=\"https:\/\/creativecommons.org\/licenses\/by-sa\/4.0\" target=\"_blank\" style=\"color: #999; text-decoration: none;\" rel=\"noopener\">CC BY-SA 4.0 <\/a>, v\u00eda Wikimedia Commons<\/h6>\n<p>[\/et_pb_text][\/et_pb_column][\/et_pb_row][\/et_pb_section][et_pb_section fb_built=\u00bb1&#8243; specialty=\u00bbon\u00bb admin_label=\u00bbRoom\u00bb _builder_version=\u00bb4.16&#8243; custom_margin=\u00bb-11px|||||\u00bb global_colors_info=\u00bb{}\u00bb theme_builder_area=\u00bbpost_content\u00bb][et_pb_column type=\u00bb1_2&#8243; specialty_columns=\u00bb2&#8243; _builder_version=\u00bb4.16&#8243; custom_padding=\u00bb|||\u00bb global_colors_info=\u00bb{}\u00bb custom_padding__hover=\u00bb|||\u00bb theme_builder_area=\u00bbpost_content\u00bb][et_pb_row_inner _builder_version=\u00bb4.16&#8243; global_colors_info=\u00bb{}\u00bb theme_builder_area=\u00bbpost_content\u00bb][et_pb_column_inner saved_specialty_column_type=\u00bb1_2&#8243; _builder_version=\u00bb4.16&#8243; custom_padding=\u00bb|||\u00bb global_colors_info=\u00bb{}\u00bb custom_padding__hover=\u00bb|||\u00bb theme_builder_area=\u00bbpost_content\u00bb][et_pb_image src=\u00bbhttps:\/\/olladasdebarbeitos.es\/wp-content\/uploads\/2025\/08\/Mirador-arexo.png\u00bb title_text=\u00bbMirador arexo\u00bb align_tablet=\u00bbcenter\u00bb align_phone=\u00bbcenter\u00bb align_last_edited=\u00bbon|desktop\u00bb _builder_version=\u00bb4.27.4&#8243; border_radii=\u00bbon|20px|20px|20px|20px\u00bb locked=\u00bboff\u00bb global_colors_info=\u00bb{}\u00bb theme_builder_area=\u00bbpost_content\u00bb][\/et_pb_image][et_pb_text _builder_version=\u00bb4.27.4&#8243; _module_preset=\u00bbdefault\u00bb global_colors_info=\u00bb{}\u00bb theme_builder_area=\u00bbpost_content\u00bb]<\/p>\n<h6 style=\"font-size: 11px; color: #999; font-weight: normal; margin-top: 5px;\">\n  Imagen: Rio de Porcos, v\u00eda <a href=\"https:\/\/bikerfriendly.es\/negocio\/riodeporcos\/\" target=\"_blank\" style=\"color: #999; text-decoration: none;\">BikerFriendly<\/a><br \/>\n<\/h6>\n<p>[\/et_pb_text][\/et_pb_column_inner][\/et_pb_row_inner][\/et_pb_column][et_pb_column type=\u00bb1_2&#8243; _builder_version=\u00bb4.16&#8243; custom_padding=\u00bb|||\u00bb global_colors_info=\u00bb{}\u00bb custom_padding__hover=\u00bb|||\u00bb theme_builder_area=\u00bbpost_content\u00bb][et_pb_text _builder_version=\u00bb4.16&#8243; text_font=\u00bb||||||||\u00bb text_font_size=\u00bb16px\u00bb text_line_height=\u00bb2em\u00bb ul_font=\u00bb||||||||\u00bb ul_line_height=\u00bb2em\u00bb header_font=\u00bb||||||||\u00bb header_3_font=\u00bbRaleway|700|||||||\u00bb header_3_font_size=\u00bb40px\u00bb header_3_line_height=\u00bb1.4em\u00bb header_6_line_height=\u00bb1.8em\u00bb header_3_font_size_tablet=\u00bb35px\u00bb header_3_font_size_phone=\u00bb25px\u00bb header_3_font_size_last_edited=\u00bbon|phone\u00bb locked=\u00bboff\u00bb global_colors_info=\u00bb{}\u00bb theme_builder_area=\u00bbpost_content\u00bb]<\/p>\n<h3>Miradoiros de Montouto e Arexo<\/h3>\n<p data-start=\"212\" data-end=\"588\" class=\"translation-block\">Nun contorno tan rico en natureza como <strong data-start=\"254\" data-end=\"270\">A Fonsagrada<\/strong>, non poden faltar miradoiros que inviten a deternerse e contemplar a paisaxe. Un dos m\u00e1is especiais \u00e9 o <strong data-start=\"380\" data-end=\"403\">Miradoiro de Montouto<\/strong>, que non s\u00f3 ofrece vistas espectaculares das terras fonsagradinas, sen\u00f3n que tam\u00e9n est\u00e1 rodeado dun valioso patrimonio hist\u00f3rico no pleno <strong data-start=\"550\" data-end=\"570\">Cami\u00f1o Primitivo<\/strong> cara a Santiago.<\/p>\n<p data-start=\"590\" data-end=\"987\" class=\"translation-block\">Aqu\u00ed at\u00f3panse as ru\u00ednas do <strong data-start=\"624\" data-end=\"648\">Hospital de Montouto<\/strong>, constru\u00eddo no s\u00e9culo XVII e en funcionamento ata principios do s\u00e9culo XX, que daba acubillo aos peregrinos que percorr\u00edan esta ruta xacobea. Ao seu car\u00f3n, a <strong data-start=\"808\" data-end=\"830\">Ermida de Montouto<\/strong> mant\u00e9n viva a tradici\u00f3n con romar\u00edas, e moi preto cons\u00e9rvase un vestixio da antiga necr\u00f3pole megal\u00edtica: o <strong data-start=\"948\" data-end=\"970\">D\u00f3lmen de Montouto<\/strong>, \u00fanico en p\u00e9.<\/p>\n<p data-start=\"1116\" data-end=\"1352\" class=\"translation-block\"><span style=\"font-size: 16px\">Outro recuncho que merece unha visita \u00e9 o <\/span><strong data-start=\"1029\" data-end=\"1049\" style=\"font-size: 16px\">Miradoiro de Arexo<\/strong><span style=\"font-size: 16px\">, menos co\u00f1ecido pero igualmente impresionante. Desde aqu\u00ed, \u00e1brese ante o visitante a panor\u00e1mica do <\/span><strong data-start=\"1153\" data-end=\"1176\" style=\"font-size: 16px\">can\u00f3n do r\u00edo Navia<\/strong><span style=\"font-size: 16px\">, fronteira natural entre Asturias e Galicia, un espect\u00e1culo que combina a forza do relevo coa serenidade da paisaxe.<\/span><span style=\"font-size: 16px\">.<\/span><\/p>\n<p>[\/et_pb_text][\/et_pb_column][\/et_pb_section][et_pb_section fb_built=\u00bb1&#8243; _builder_version=\u00bb4.27.4&#8243; _module_preset=\u00bbdefault\u00bb global_colors_info=\u00bb{}\u00bb theme_builder_area=\u00bbpost_content\u00bb][et_pb_row column_structure=\u00bb1_2,1_2&#8243; custom_padding_last_edited=\u00bbon|desktop\u00bb _builder_version=\u00bb4.16&#8243; custom_padding=\u00bb27px|100px|27px|100px|false|false\u00bb custom_padding_tablet=\u00bb|0px||0px||true\u00bb custom_padding_phone=\u00bb\u00bb global_colors_info=\u00bb{}\u00bb theme_builder_area=\u00bbpost_content\u00bb][et_pb_column type=\u00bb1_2&#8243; _builder_version=\u00bb4.16&#8243; custom_padding=\u00bb|||\u00bb global_colors_info=\u00bb{}\u00bb custom_padding__hover=\u00bb|||\u00bb theme_builder_area=\u00bbpost_content\u00bb][et_pb_text _builder_version=\u00bb4.16&#8243; text_font=\u00bb||||||||\u00bb text_font_size=\u00bb16px\u00bb text_line_height=\u00bb2em\u00bb header_font=\u00bb||||||||\u00bb header_2_font=\u00bbRaleway|700|||||||\u00bb header_2_font_size=\u00bb50px\u00bb header_2_line_height=\u00bb1.2em\u00bb header_6_font=\u00bbRaleway|700||on|||||\u00bb header_6_font_size=\u00bb16px\u00bb header_6_letter_spacing=\u00bb5px\u00bb header_6_line_height=\u00bb1.8em\u00bb text_orientation=\u00bbcenter\u00bb max_width=\u00bb700px\u00bb max_width_last_edited=\u00bboff|desktop\u00bb module_alignment=\u00bbcenter\u00bb header_2_font_size_tablet=\u00bb35px\u00bb header_2_font_size_phone=\u00bb25px\u00bb header_2_font_size_last_edited=\u00bbon|phone\u00bb global_colors_info=\u00bb{}\u00bb theme_builder_area=\u00bbpost_content\u00bb]<\/p>\n<h2>Taramundi<\/h2>\n<p data-start=\"160\" data-end=\"523\" class=\"translation-block\">A menos dunha hora de A Fonsagrada at\u00f3pase <strong data-start=\"209\" data-end=\"222\">Taramundi<\/strong>, un destino imprescindible para quen busca combinar <strong data-start=\"279\" data-end=\"301\">paisaxes naturais<\/strong> con <strong data-start=\"306\" data-end=\"329\">patrimonio cultural<\/strong>. Esta pintoresca vila, situada na comarca asturiana de <strong data-start=\"390\" data-end=\"403\">Os Oscos<\/strong>, \u00e9 co\u00f1ecida pola s\u00faa rica tradici\u00f3n artesanal e por manter vivas t\u00e9cnicas centenarias de traballo en ferro e madeira.<\/p>\n<p data-start=\"194\" data-end=\"490\" class=\"translation-block\"><span style=\"font-size: 16px\">Un dos seus principais atractivos \u00e9 o <\/span><strong data-start=\"565\" data-end=\"600\" style=\"font-size: 16px\">complexo de Mu\u00ed\u00f1os de Mazonovo<\/strong><span style=\"font-size: 16px\">, un conxunto de mu\u00ed\u00f1os hidr\u00e1ulicos restaurados que forman parte da famosa <\/span><strong data-start=\"679\" data-end=\"696\" style=\"font-size: 16px\">Ruta da Auga<\/strong><span style=\"font-size: 16px\">, onde se pode aprender sobre o enxe\u00f1o tradicional e gozar dun paseo por un contorno natural cheo de encanto.<\/span><span style=\"font-size: 16px\">.<\/span><\/p>\n<p data-start=\"166\" data-end=\"398\"><strong><\/strong><\/p>\n<p data-start=\"166\" data-end=\"398\">\n<p>[\/et_pb_text][\/et_pb_column][et_pb_column type=\u00bb1_2&#8243; _builder_version=\u00bb4.16&#8243; custom_padding=\u00bb|||\u00bb global_colors_info=\u00bb{}\u00bb custom_padding__hover=\u00bb|||\u00bb theme_builder_area=\u00bbpost_content\u00bb][et_pb_image src=\u00bbhttps:\/\/olladasdebarbeitos.es\/wp-content\/uploads\/2025\/08\/Molinos_de_agua-scaled.jpeg\u00bb title_text=\u00bbMolinos_de_agua\u00bb _builder_version=\u00bb4.27.4&#8243; _module_preset=\u00bbdefault\u00bb animation_style=\u00bbfade\u00bb custom_css_free_form=\u00bbdisplay: inline-block;||text-align: center;||content: %22Rita Mart\u00ednez Farrapeira, CC BY-SA 4.0, v\u00eda Wikimedia Commons%22;||display: block;||font-size: 12px;||color: #777;||margin-top: 4px;||\u00bb border_radii=\u00bbon|20px|20px|20px|20px\u00bb global_colors_info=\u00bb{}\u00bb theme_builder_area=\u00bbpost_content\u00bb][\/et_pb_image][et_pb_text _builder_version=\u00bb4.27.4&#8243; _module_preset=\u00bbdefault\u00bb global_colors_info=\u00bb{}\u00bb theme_builder_area=\u00bbpost_content\u00bb]<\/p>\n<h6 style=\"font-size: 11px; color: #999; font-weight: normal; margin-top: 5px; text-align: center;\">\n  <a href=\"https:\/\/commons.wikimedia.org\/wiki\/File:Molinos_de_agua.JPG\" target=\"_blank\" style=\"color: #999; text-decoration: none;\">Alumaro<\/a>,<br \/>\n  <a href=\"https:\/\/creativecommons.org\/licenses\/by-sa\/4.0\" target=\"_blank\" style=\"color: #999; text-decoration: none;\">CC BY-SA 4.0<\/a>, v\u00eda Wikimedia Commons<br \/>\n<\/h6>\n<p>[\/et_pb_text][\/et_pb_column][\/et_pb_row][et_pb_row _builder_version=\u00bb4.27.4&#8243; _module_preset=\u00bbdefault\u00bb theme_builder_area=\u00bbpost_content\u00bb][et_pb_column _builder_version=\u00bb4.27.4&#8243; _module_preset=\u00bbdefault\u00bb type=\u00bb4_4&#8243; theme_builder_area=\u00bbpost_content\u00bb][et_pb_text _builder_version=\u00bb4.27.4&#8243; _module_preset=\u00bbdefault\u00bb theme_builder_area=\u00bbpost_content\u00bb hover_enabled=\u00bb0&#8243; sticky_enabled=\u00bb0&#8243;]<\/p>\n<h2 data-start=\"108\" data-end=\"141\" style=\"text-align: center;\">Outros plans en A Fonsagrada<\/h2>\n<p>&nbsp;<\/p>\n<p data-start=\"143\" data-end=\"522\" style=\"text-align: center;\"><strong data-start=\"143\" data-end=\"203\">Pueblos emblem\u00e1ticos: Veiga de Arroxo y Aldea de Fonfr\u00eda<\/strong><\/p>\n<p data-start=\"143\" data-end=\"522\" class=\"translation-block\">Siendo <strong data-start=\"213\" data-end=\"229\">A Fonsagrada<\/strong> un municipio eminentemente rural, merece a pena achegarse a alg\u00fans dos seus pobos e aldeas para descubrir a <strong data-start=\"341\" data-end=\"380\">arquitectura tradicional de monta\u00f1a<\/strong>, feita en pedra, con h\u00f3rreos, fontes, pequenas capelas e outras construci\u00f3ns t\u00edpicas, ademais de gozar da calma da vida rural.<\/p>\n<p data-start=\"524\" data-end=\"915\" class=\"translation-block\">Entre eles destaca a <strong data-start=\"547\" data-end=\"567\">Aldea de Fonfr\u00eda<\/strong>, que conserva o legado do antigo hospital de peregrinos, que serv\u00eda de albergue e posada para quen transitaba estas sendas seguindo a ruta dos <strong data-start=\"723\" data-end=\"749\">Cabaleiros de San Xo\u00e1n<\/strong>. Outro exemplo de interese \u00e9 <strong data-start=\"778\" data-end=\"797\">Veiga de Arroxo<\/strong>, un conxunto singular da parroquia de San Mart\u00edn de Arroxo que reflicte a esencia da vida rural fonsagradina.<\/p>\n<p data-start=\"1170\" data-end=\"1628\">\n<p data-start=\"1630\" data-end=\"1992\" style=\"text-align: center;\" class=\"translation-block\"><strong data-start=\"1630\" data-end=\"1663\">Monte Acevedo (Alto do Acevo)<\/strong><br data-start=\"1663\" data-end=\"1666\">Outro dos <strong data-start=\"1678\" data-end=\"1720\">miradoiros naturais m\u00e1is impresionantes<\/strong> de A Fonsagrada \u00e9 o <strong data-start=\"1743\" data-end=\"1760\">Alto do Acevo<\/strong>, situado na parroquia de Monteseiro. Con m\u00e1is de mil metros de altitude, recibe o seu nome pola abundancia de <strong data-start=\"1873\" data-end=\"1883\">acebos<\/strong> na zona, que tam\u00e9n serven como refuxio para o gando durante o fr\u00edo inverno e o calor do ver\u00e1n.<\/p>\n<p data-start=\"1994\" data-end=\"2198\" class=\"translation-block\">Desde este punto \u00e9 posible observar unha variada fauna, inclu\u00edndo aves como <strong data-start=\"2071\" data-end=\"2114\">petirrojos, arrendallos ou mirlos com\u00fans<\/strong>, mentres se goza dunha panor\u00e1mica espectacular dos montes fonsagradinos.<\/p>\n<p>[\/et_pb_text][\/et_pb_column][\/et_pb_row][\/et_pb_section]<\/p>","protected":false},"excerpt":{"rendered":"<p>Experiencias Naturaleza Cascada de Vilagocende Con sus 50 metros de ca\u00edda libre, la Seimeira de Vilagocende ostenta el t\u00edtulo de la cascada m\u00e1s alta de Galicia y, sin duda, una de las m\u00e1s impresionantes. Su fuerza y belleza, especialmente en \u00e9poca de lluvias, la convierten en un destino imprescindible para los amantes de la naturaleza. [&hellip;]<\/p>","protected":false},"author":1,"featured_media":0,"parent":0,"menu_order":0,"comment_status":"closed","ping_status":"closed","template":"","meta":{"_et_pb_use_builder":"on","_et_pb_old_content":"","_et_gb_content_width":"","footnotes":""},"class_list":["post-413","page","type-page","status-publish","hentry"],"aioseo_notices":[],"_hostinger_reach_plugin_has_subscription_block":false,"_hostinger_reach_plugin_is_elementor":false,"_links":{"self":[{"href":"https:\/\/olladasdebarbeitos.es\/gal\/wp-json\/wp\/v2\/pages\/413","targetHints":{"allow":["GET"]}}],"collection":[{"href":"https:\/\/olladasdebarbeitos.es\/gal\/wp-json\/wp\/v2\/pages"}],"about":[{"href":"https:\/\/olladasdebarbeitos.es\/gal\/wp-json\/wp\/v2\/types\/page"}],"author":[{"embeddable":true,"href":"https:\/\/olladasdebarbeitos.es\/gal\/wp-json\/wp\/v2\/users\/1"}],"replies":[{"embeddable":true,"href":"https:\/\/olladasdebarbeitos.es\/gal\/wp-json\/wp\/v2\/comments?post=413"}],"version-history":[{"count":4,"href":"https:\/\/olladasdebarbeitos.es\/gal\/wp-json\/wp\/v2\/pages\/413\/revisions"}],"predecessor-version":[{"id":427,"href":"https:\/\/olladasdebarbeitos.es\/gal\/wp-json\/wp\/v2\/pages\/413\/revisions\/427"}],"wp:attachment":[{"href":"https:\/\/olladasdebarbeitos.es\/gal\/wp-json\/wp\/v2\/media?parent=413"}],"curies":[{"name":"wp","href":"https:\/\/api.w.org\/{rel}","templated":true}]}}